{"id":7575,"date":"2021-11-24T12:30:47","date_gmt":"2021-11-24T11:30:47","guid":{"rendered":"https:\/\/ekon-immogroup.com\/?page_id=7575"},"modified":"2021-11-24T12:31:22","modified_gmt":"2021-11-24T11:31:22","slug":"montazne-zgrade","status":"publish","type":"page","link":"https:\/\/ekon-immogroup.com\/de\/montazne-zgrade\/","title":{"rendered":"VORGEFERTIGTE GEB\u00c4UDE"},"content":{"rendered":"<div data-elementor-type=\"wp-page\" data-elementor-id=\"7575\" class=\"elementor elementor-7575\">\n\t\t\t\t\t\t\t        <section class=\"elementor-section elementor-top-section elementor-element elementor-element-3f674b22 elementor-section-boxed elementor-section-height-default elementor-section-height-default\" data-id=\"3f674b22\" data-element_type=\"section\">\n            \n                        <div class=\"elementor-container elementor-column-gap-extended\">\n                    <div class=\"elementor-column elementor-col-100 elementor-top-column elementor-element elementor-element-7ecd350\" data-id=\"7ecd350\" data-element_type=\"column\">\n            <div class=\"elementor-widget-wrap elementor-element-populated\">\n                        \t\t<div class=\"elementor-element elementor-element-48f5b2d3 elementor-widget elementor-widget-ct_title\" data-id=\"48f5b2d3\" data-element_type=\"widget\" data-widget_type=\"ct_title.default\">\n\t\t\t\t<div class=\"elementor-widget-container\">\n\t\t\t<div class=\"ct-title1 style2\">\r\n    <h3>\r\n        <span>Ekon ImmoGroup - Fertigh\u00e4user<\/span>\r\n        <i><\/i>\r\n    <\/h3>\r\n<\/div>\t\t<\/div>\n\t\t\t\t<\/div>\n\t\t\t\t<div class=\"elementor-element elementor-element-12635fab elementor-widget elementor-widget-text-editor\" data-id=\"12635fab\" data-element_type=\"widget\" data-widget_type=\"text-editor.default\">\n\t\t\t\t<div class=\"elementor-widget-container\">\n\t\t\t<style>\/*! elementor - v3.17.0 - 01-11-2023 *\/\n.elementor-widget-text-editor.elementor-drop-cap-view-stacked .elementor-drop-cap{background-color:#69727d;color:#fff}.elementor-widget-text-editor.elementor-drop-cap-view-framed .elementor-drop-cap{color:#69727d;border:3px solid;background-color:transparent}.elementor-widget-text-editor:not(.elementor-drop-cap-view-default) .elementor-drop-cap{margin-top:8px}.elementor-widget-text-editor:not(.elementor-drop-cap-view-default) .elementor-drop-cap-letter{width:1em;height:1em}.elementor-widget-text-editor .elementor-drop-cap{float:left;text-align:center;line-height:1;font-size:50px}.elementor-widget-text-editor .elementor-drop-cap-letter{display:inline-block}<\/style>\t\t\t\t<p>Wenn es um vorgefertigte Geschossbauten geht, weisen wir mit Stolz darauf hin, dass unsere Produktionskapazit\u00e4ten und unser erworbenes Wissen auch den anspruchsvollsten Fertigteilbauten gerecht werden.<\/p><p>Der Plattenbau bringt neue Herausforderungen an den Schallschutz mit sich, die wir dank modernster Technik zur Herstellung von Zwischengeschossen und Wandelementen erfolgreich gemeistert haben.<\/p>\t\t\t\t\t\t<\/div>\n\t\t\t\t<\/div>\n\t\t\t\t<div class=\"elementor-element elementor-element-b356e3e elementor-widget elementor-widget-ct_list\" data-id=\"b356e3e\" data-element_type=\"widget\" data-widget_type=\"ct_list.default\">\n\t\t\t\t<div class=\"elementor-widget-container\">\n\t\t\t    <div class=\"ct-list style1\">\r\n                    <div class=\"ct-list-item\" data-wow-delay=\"ms\">\r\n            \t<div class=\"ct-list-icon\"><i class=\"fac fac-check-circle\"><\/i><\/div>\r\n            \t<div class=\"ct-list-meta\">\r\n\t            \t<div class=\"ct-list-desc\">\r\n\t            \t\tMehr Wohnungen \t            \t<\/div>\r\n\t            <\/div>\r\n           <\/div>\r\n                    <div class=\"ct-list-item\" data-wow-delay=\"ms\">\r\n            \t<div class=\"ct-list-icon\"><i class=\"fac fac-check-circle\"><\/i><\/div>\r\n            \t<div class=\"ct-list-meta\">\r\n\t            \t<div class=\"ct-list-desc\">\r\n\t            \t\tDie Einzigartigkeit und Ganzheit des Innen- und Au\u00dfenraums\t            \t<\/div>\r\n\t            <\/div>\r\n           <\/div>\r\n                    <div class=\"ct-list-item\" data-wow-delay=\"ms\">\r\n            \t<div class=\"ct-list-icon\"><i class=\"fac fac-check-circle\"><\/i><\/div>\r\n            \t<div class=\"ct-list-meta\">\r\n\t            \t<div class=\"ct-list-desc\">\r\n\t            \t\t\tNiedrigerer Wohnungspreis im Vergleich zur klassischen Bauweise\t            \t<\/div>\r\n\t            <\/div>\r\n           <\/div>\r\n            <\/div>\r\n\t\t<\/div>\n\t\t\t\t<\/div>\n\t\t\t\t<div class=\"elementor-element elementor-element-545422c0 elementor-widget elementor-widget-ct_gallery_carousel\" data-id=\"545422c0\" data-element_type=\"widget\" data-widget_type=\"ct_gallery_carousel.default\">\n\t\t\t\t<div class=\"elementor-widget-container\">\n\t\t\t    <div class=\"ct-gallery-carousel1 ct-slick-slider\">\r\n        <div class=\"ct-carousel-inner\">\r\n            <div class=\"ct-slick-carousel\" data-arrows=\"\" data-dots=\"true\" data-pauseonhover=\"\" data-autoplay=\"true\" data-autoplayspeed=\"5000\" data-infinite=\"\" data-speed=\"500\" data-colxs=\"1\" data-colsm=\"2\" data-colmd=\"2\" data-collg=\"2\" data-colxl=\"2\" data-dir=\"false\" data-slidestoscroll=\"2\">\r\n                                    <div class=\"slick-slide\">\r\n                        <img decoding=\"async\" class=\"\" src=\"https:\/\/ekon-immogroup.com\/wp-content\/uploads\/2019\/11\/Eksterijer-slika-2-475x600.jpg\" width=\"475\" height=\"600\" alt=\"Ekon Immogroup Projekt \u201eADLERNEST\u201c\" title=\"Ekon Immogroup Projekt \u201eADLERNEST\u201c\" \/>                    <\/div>\r\n                                    <div class=\"slick-slide\">\r\n                        <img decoding=\"async\" class=\"\" src=\"https:\/\/ekon-immogroup.com\/wp-content\/uploads\/2021\/10\/77-475x600.jpg\" width=\"475\" height=\"600\" alt=\"Ekon Immogroup Hause\" title=\"Ekon Immogroup Hause\" \/>                    <\/div>\r\n                                    <div class=\"slick-slide\">\r\n                        <img decoding=\"async\" class=\"\" src=\"https:\/\/ekon-immogroup.com\/wp-content\/uploads\/2021\/10\/1-475x600.jpg\" width=\"475\" height=\"600\" alt=\"Ekon Immogroup hause\" title=\"Ekon Immogroup hause\" \/>                    <\/div>\r\n                                    <div class=\"slick-slide\">\r\n                        <img decoding=\"async\" class=\"\" src=\"https:\/\/ekon-immogroup.com\/wp-content\/uploads\/2021\/10\/house-g0167f798e_1280-475x600.jpg\" width=\"475\" height=\"600\" alt=\"\" title=\"\" \/>                    <\/div>\r\n                            <\/div>\r\n        <\/div>\r\n    <\/div>\r\n\t\t<\/div>\n\t\t\t\t<\/div>\n\t\t\t\t<div class=\"elementor-element elementor-element-481b63ec elementor-widget elementor-widget-ct_tabs\" data-id=\"481b63ec\" data-element_type=\"widget\" data-widget_type=\"ct_tabs.default\">\n\t\t\t\t<div class=\"elementor-widget-container\">\n\t\t\t            <div class=\"ct-tabs ct-tabs--layout1 type-horizontal style1\">\n                <div class=\"ct-tabs-title\">\n                                            <span class=\"ct-tab-title active\" data-target=\"#ct_tabs-481b63ec-9b25c0b\">\n                                                                                    SPEZIFIKATIONEN        \n                        <\/span>\n                                            <span class=\"ct-tab-title\" data-target=\"#ct_tabs-481b63ec-4f1a9d6\">\n                                                                                    MATERIALI        \n                        <\/span>\n                                            <span class=\"ct-tab-title\" data-target=\"#ct_tabs-481b63ec-d7551e8\">\n                                                                                    ENERGI EEFFIZIENZ        \n                        <\/span>\n                                    <\/div>\n\n                <div class=\"ct-tabs-content\">\n                                            <div class=\"ct-tab-content\" id=\"ct_tabs-481b63ec-9b25c0b\" style=\"display:block;\"><p>Die Marke Ekon ImmoGroup zeichnet hochwertige Plattenbauten mit einer durchschnittlichen Quadratmeterzahl von Wohnungen in Standard-Grundrissen und -Ausstattung aus. Fertigh\u00e4user bieten durchschnittlich 6 Wohnungen, mit Bad, K\u00fcche, Balkon, integriert in das Ganze und die \u00e4u\u00dfere Umgebung.<\/p><\/div>\n                                            <div class=\"ct-tab-content\" id=\"ct_tabs-481b63ec-4f1a9d6\"><p>Beim Fertigbau verwenden wir hochwertigste Materialien, beim Fertigbau verwenden wir aufgrund der Komplexit\u00e4t des Bauvorhabens Holz in Kombination mit anderen Materialien und Metallen. Das verwendete Holz ist von hoher Qualit\u00e4t und Widerstandsf\u00e4higkeit, was die Lebensdauer der H\u00e4user verl\u00e4ngert.<\/p><\/div>\n                                            <div class=\"ct-tab-content\" id=\"ct_tabs-481b63ec-d7551e8\"><p>Die vorgefertigten Geb\u00e4ude der Ekon ImmoGroup werden in voller \u00dcbereinstimmung mit den Umweltstandards und -regeln hergestellt und gelten als umweltfreundliche Unterk\u00fcnfte. Die Besonderheit von Fertigh\u00e4usern besteht darin, dass sie Energie sparen, und wenn man dazu noch die Raum\u00f6konomie hinzuf\u00fcgt, dann haben Sie Wohnungen mit 200% Energieeinsparung.<\/p><\/div>\n                                    <\/div>\n            <\/div>\n            \t\t<\/div>\n\t\t\t\t<\/div>\n\t\t\t\t<div class=\"elementor-element elementor-element-5b5955b8 elementor-widget elementor-widget-ct_service_carousel\" data-id=\"5b5955b8\" data-element_type=\"widget\" data-widget_type=\"ct_service_carousel.default\">\n\t\t\t\t<div class=\"elementor-widget-container\">\n\t\t\t\r\n<div id=\"ct_service_carousel-5b5955b8\" class=\"ct-service-carousel2 ct-slick-slider style1\">\r\n    <div class=\"ct-carousel-inner\">\r\n        <div class=\"ct-slick-carousel\" data-arrows=\"true\" data-dots=\"false\" data-pauseonhover=\"false\" data-autoplay=\"false\" data-autoplayspeed=\"5000\" data-infinite=\"true\" data-speed=\"500\" data-colxs=\"1\" data-colsm=\"2\" data-colmd=\"2\" data-collg=\"2\" data-colxl=\"2\" data-dir=\"false\" data-slidestoscroll=\"1\">\r\n                <\/div>\r\n    <\/div>\r\n<\/div>\r\n\t\t<\/div>\n\t\t\t\t<\/div>\n\t\t            <\/div>\n        <\/div>\n                            <\/div>\n        <\/section>\n        \t\t\t\t\t<\/div>","protected":false},"excerpt":{"rendered":"<p>Ekon ImmoGroup &#8211; Monta\u017ene zgrade Kada je rije\u010d o monta\u017enim vi\u0161espratnim zgradama, s ponosom isti\u010demo da su na\u0161i proizvodni kapaciteti i ste\u010dena znanja u mogu\u0107nosti odgovoriti i najzahtjevnijem vidu monta\u017ene gradnje. Monta\u017ene zgrade sa sobom nose nove izazove po pitanju zvu\u010dne izolacije, koje smo s uspjehom savladali zahvaljuju\u0107i najsavremenijoj tehnologiji izrade me\u0111uspratnih i zidnih elemenata. [&hellip;]<\/p>","protected":false},"author":1,"featured_media":0,"parent":0,"menu_order":0,"comment_status":"closed","ping_status":"closed","template":"","meta":{"footnotes":""},"class_list":["post-7575","page","type-page","status-publish","hentry"],"_links":{"self":[{"href":"https:\/\/ekon-immogroup.com\/de\/wp-json\/wp\/v2\/pages\/7575","targetHints":{"allow":["GET"]}}],"collection":[{"href":"https:\/\/ekon-immogroup.com\/de\/wp-json\/wp\/v2\/pages"}],"about":[{"href":"https:\/\/ekon-immogroup.com\/de\/wp-json\/wp\/v2\/types\/page"}],"author":[{"embeddable":true,"href":"https:\/\/ekon-immogroup.com\/de\/wp-json\/wp\/v2\/users\/1"}],"replies":[{"embeddable":true,"href":"https:\/\/ekon-immogroup.com\/de\/wp-json\/wp\/v2\/comments?post=7575"}],"version-history":[{"count":4,"href":"https:\/\/ekon-immogroup.com\/de\/wp-json\/wp\/v2\/pages\/7575\/revisions"}],"predecessor-version":[{"id":7580,"href":"https:\/\/ekon-immogroup.com\/de\/wp-json\/wp\/v2\/pages\/7575\/revisions\/7580"}],"wp:attachment":[{"href":"https:\/\/ekon-immogroup.com\/de\/wp-json\/wp\/v2\/media?parent=7575"}],"curies":[{"name":"wp","href":"https:\/\/api.w.org\/{rel}","templated":true}]}}