{"id":7569,"date":"2021-11-24T12:29:15","date_gmt":"2021-11-24T11:29:15","guid":{"rendered":"https:\/\/ekon-immogroup.com\/?page_id=7569"},"modified":"2021-12-30T08:33:32","modified_gmt":"2021-12-30T07:33:32","slug":"montazne-kuce","status":"publish","type":"page","link":"https:\/\/ekon-immogroup.com\/de\/montazne-kuce\/","title":{"rendered":"Fertigh\u00e4user"},"content":{"rendered":"<div data-elementor-type=\"wp-page\" data-elementor-id=\"7569\" class=\"elementor elementor-7569\">\n\t\t\t\t\t\t\t        <section class=\"elementor-section elementor-top-section elementor-element elementor-element-6fc3dc69 elementor-section-boxed elementor-section-height-default elementor-section-height-default\" data-id=\"6fc3dc69\" data-element_type=\"section\">\n            \n                        <div class=\"elementor-container elementor-column-gap-extended\">\n                    <div class=\"elementor-column elementor-col-100 elementor-top-column elementor-element elementor-element-74738333\" data-id=\"74738333\" data-element_type=\"column\">\n            <div class=\"elementor-widget-wrap elementor-element-populated\">\n                        \t\t<div class=\"elementor-element elementor-element-6e791d6a elementor-widget elementor-widget-ct_title\" data-id=\"6e791d6a\" data-element_type=\"widget\" data-widget_type=\"ct_title.default\">\n\t\t\t\t<div class=\"elementor-widget-container\">\n\t\t\t<div class=\"ct-title1 style2\">\r\n    <h3>\r\n        <span>Fertigh\u00e4user - Wohnl\u00f6sung des 21. Jahrhunderts <\/span>\r\n        <i><\/i>\r\n    <\/h3>\r\n<\/div>\t\t<\/div>\n\t\t\t\t<\/div>\n\t\t\t\t<div class=\"elementor-element elementor-element-22e86b50 elementor-widget elementor-widget-text-editor\" data-id=\"22e86b50\" data-element_type=\"widget\" data-widget_type=\"text-editor.default\">\n\t\t\t\t<div class=\"elementor-widget-container\">\n\t\t\t<style>\/*! elementor - v3.17.0 - 01-11-2023 *\/\n.elementor-widget-text-editor.elementor-drop-cap-view-stacked .elementor-drop-cap{background-color:#69727d;color:#fff}.elementor-widget-text-editor.elementor-drop-cap-view-framed .elementor-drop-cap{color:#69727d;border:3px solid;background-color:transparent}.elementor-widget-text-editor:not(.elementor-drop-cap-view-default) .elementor-drop-cap{margin-top:8px}.elementor-widget-text-editor:not(.elementor-drop-cap-view-default) .elementor-drop-cap-letter{width:1em;height:1em}.elementor-widget-text-editor .elementor-drop-cap{float:left;text-align:center;line-height:1;font-size:50px}.elementor-widget-text-editor .elementor-drop-cap-letter{display:inline-block}<\/style>\t\t\t\t<p>Fertigh\u00e4user gewinnen mit der Verbesserung der Baustoffe und -technik an Bedeutung und das gesellschaftliche Bewusstsein f\u00fcr diese Wohnform ver\u00e4ndert sich. Wir entwickeln sie so, dass sie extrem langlebig, erschwinglich, anpassungsf\u00e4hig und tragbar sind. Besonderes Augenmerk legen wir auf die klimatischen Bedingungen unter Verwendung hochwertigster Rohstoffe. Wir glauben, dass Fertigh\u00e4user die n\u00e4chste gro\u00dfe Unterkunftsl\u00f6sung der Welt werden.<\/p><p>Fertigh\u00e4user bieten:<\/p>\t\t\t\t\t\t<\/div>\n\t\t\t\t<\/div>\n\t\t\t\t<div class=\"elementor-element elementor-element-ab07f46 elementor-widget elementor-widget-ct_list\" data-id=\"ab07f46\" data-element_type=\"widget\" data-widget_type=\"ct_list.default\">\n\t\t\t\t<div class=\"elementor-widget-container\">\n\t\t\t    <div class=\"ct-list style1\">\r\n                    <div class=\"ct-list-item\" data-wow-delay=\"ms\">\r\n            \t<div class=\"ct-list-icon\"><i class=\"fac fac-check-circle\"><\/i><\/div>\r\n            \t<div class=\"ct-list-meta\">\r\n\t            \t<div class=\"ct-list-desc\">\r\n\t            \t\tEinzigartigkeit und Integrit\u00e4t des Raums (innen und au\u00dfen)\t            \t<\/div>\r\n\t            <\/div>\r\n           <\/div>\r\n                    <div class=\"ct-list-item\" data-wow-delay=\"ms\">\r\n            \t<div class=\"ct-list-icon\"><i class=\"fac fac-check-circle\"><\/i><\/div>\r\n            \t<div class=\"ct-list-meta\">\r\n\t            \t<div class=\"ct-list-desc\">\r\n\t            \t\t\tNiedrigerer Preis des Geb\u00e4udes im Vergleich zur klassischen Bauweise\t            \t<\/div>\r\n\t            <\/div>\r\n           <\/div>\r\n            <\/div>\r\n\t\t<\/div>\n\t\t\t\t<\/div>\n\t\t\t\t<div class=\"elementor-element elementor-element-2f09ad84 elementor-widget elementor-widget-ct_gallery_carousel\" data-id=\"2f09ad84\" data-element_type=\"widget\" data-widget_type=\"ct_gallery_carousel.default\">\n\t\t\t\t<div class=\"elementor-widget-container\">\n\t\t\t    <div class=\"ct-gallery-carousel1 ct-slick-slider\">\r\n        <div class=\"ct-carousel-inner\">\r\n            <div class=\"ct-slick-carousel\" data-arrows=\"\" data-dots=\"true\" data-pauseonhover=\"\" data-autoplay=\"true\" data-autoplayspeed=\"5000\" data-infinite=\"\" data-speed=\"500\" data-colxs=\"1\" data-colsm=\"2\" data-colmd=\"2\" data-collg=\"2\" data-colxl=\"2\" data-dir=\"false\" data-slidestoscroll=\"2\">\r\n                                    <div class=\"slick-slide\">\r\n                        <img decoding=\"async\" class=\"\" src=\"https:\/\/ekon-immogroup.com\/wp-content\/uploads\/2021\/11\/Slika-3-475x600.png\" width=\"475\" height=\"600\" alt=\"Slika 3\" title=\"Slika 3\" \/>                    <\/div>\r\n                                    <div class=\"slick-slide\">\r\n                        <img decoding=\"async\" class=\"\" src=\"https:\/\/ekon-immogroup.com\/wp-content\/uploads\/2021\/11\/Slika-2-scaled-475x600.jpg\" width=\"475\" height=\"600\" alt=\"Slika 2\" title=\"Slika 2\" \/>                    <\/div>\r\n                            <\/div>\r\n        <\/div>\r\n    <\/div>\r\n\t\t<\/div>\n\t\t\t\t<\/div>\n\t\t\t\t<div class=\"elementor-element elementor-element-2da55e3f elementor-widget elementor-widget-ct_tabs\" data-id=\"2da55e3f\" data-element_type=\"widget\" data-widget_type=\"ct_tabs.default\">\n\t\t\t\t<div class=\"elementor-widget-container\">\n\t\t\t            <div class=\"ct-tabs ct-tabs--layout1 type-horizontal style1\">\n                <div class=\"ct-tabs-title\">\n                                            <span class=\"ct-tab-title active\" data-target=\"#ct_tabs-2da55e3f-9b25c0b\">\n                                                                                    Spezifikationen        \n                        <\/span>\n                                            <span class=\"ct-tab-title\" data-target=\"#ct_tabs-2da55e3f-4f1a9d6\">\n                                                                                    Materiali        \n                        <\/span>\n                                            <span class=\"ct-tab-title\" data-target=\"#ct_tabs-2da55e3f-d7551e8\">\n                                                                                    Energieeffizienz        \n                        <\/span>\n                                    <\/div>\n\n                <div class=\"ct-tabs-content\">\n                                            <div class=\"ct-tab-content\" id=\"ct_tabs-2da55e3f-9b25c0b\" style=\"display:block;\"><p>Die Marke Ekon ImmoGroup zeichnet hochwertige Fertigh\u00e4user mit einer durchschnittlichen Quadratmeterzahl von Wohnungen in Standard-Grundrissen und -Ausstattung aus. Fertigh\u00e4user bieten durchschnittlich 6 Wohnungen, mit Bad, K\u00fcche, Balkon, integriert in das Ganze und die \u00e4u\u00dfere Umgebung.<\/p><\/div>\n                                            <div class=\"ct-tab-content\" id=\"ct_tabs-2da55e3f-4f1a9d6\"><p>Wir verwenden die hochwertigsten Materialien beim Bau von Fertigh\u00e4usern. In H\u00e4usern verwenden wir aufgrund der Komplexit\u00e4t des Bauvorhabens Holz in Kombination mit anderen Materialien und Metallen. Das verwendete Holz ist von hoher Qualit\u00e4t und Widerstandsf\u00e4higkeit, was die Lebensdauer der H\u00e4user verl\u00e4ngert.<\/p><\/div>\n                                            <div class=\"ct-tab-content\" id=\"ct_tabs-2da55e3f-d7551e8\"><p>Die Fertigh\u00e4user der Ekon ImmoGroup werden in voller \u00dcbereinstimmung mit den Umweltstandards und -regeln hergestellt und gelten als umweltfreundliche Unterk\u00fcnfte. Die Besonderheit von Fertigh\u00e4usern besteht darin, dass sie Energie sparen, und wenn man dazu noch die Raum\u00f6konomie hinzuf\u00fcgt, dann haben Sie Wohnungen mit 200% Energieeinsparung.<\/p><\/div>\n                                    <\/div>\n            <\/div>\n            \t\t<\/div>\n\t\t\t\t<\/div>\n\t\t\t\t<div class=\"elementor-element elementor-element-3f834c06 elementor-widget elementor-widget-ct_service_carousel\" data-id=\"3f834c06\" data-element_type=\"widget\" data-widget_type=\"ct_service_carousel.default\">\n\t\t\t\t<div class=\"elementor-widget-container\">\n\t\t\t\r\n<div id=\"ct_service_carousel-3f834c06\" class=\"ct-service-carousel2 ct-slick-slider style1\">\r\n    <div class=\"ct-carousel-inner\">\r\n        <div class=\"ct-slick-carousel\" data-arrows=\"true\" data-dots=\"false\" data-pauseonhover=\"false\" data-autoplay=\"false\" data-autoplayspeed=\"5000\" data-infinite=\"true\" data-speed=\"500\" data-colxs=\"1\" data-colsm=\"2\" data-colmd=\"2\" data-collg=\"2\" data-colxl=\"2\" data-dir=\"false\" data-slidestoscroll=\"1\">\r\n                <\/div>\r\n    <\/div>\r\n<\/div>\r\n\t\t<\/div>\n\t\t\t\t<\/div>\n\t\t            <\/div>\n        <\/div>\n                            <\/div>\n        <\/section>\n        \t\t\t\t\t<\/div>","protected":false},"excerpt":{"rendered":"<p>Monta\u017ene ku\u0107e &#8211; smje\u0161tajno rje\u0161enje 21 vijeka Monta\u017ene ku\u0107e dobijaju na svom zna\u010daju unapre\u0111enjem sirovina a i tehnologije koja se koristi u gradnji, a mjenja se i svijest dru\u0161tva prema ovom tipu stambenog prostora. Dizajniramo ih tako da budu iznimno izdr\u017eljive, pristupa\u010dne, prilagodljive i prenosive. Posebno vodimo ra\u010duna o klimatskim uslovima koriste\u0107i najkvalitetnije sirovine. Vjerujemo [&hellip;]<\/p>","protected":false},"author":1,"featured_media":0,"parent":0,"menu_order":0,"comment_status":"closed","ping_status":"closed","template":"","meta":{"footnotes":""},"class_list":["post-7569","page","type-page","status-publish","hentry"],"_links":{"self":[{"href":"https:\/\/ekon-immogroup.com\/de\/wp-json\/wp\/v2\/pages\/7569","targetHints":{"allow":["GET"]}}],"collection":[{"href":"https:\/\/ekon-immogroup.com\/de\/wp-json\/wp\/v2\/pages"}],"about":[{"href":"https:\/\/ekon-immogroup.com\/de\/wp-json\/wp\/v2\/types\/page"}],"author":[{"embeddable":true,"href":"https:\/\/ekon-immogroup.com\/de\/wp-json\/wp\/v2\/users\/1"}],"replies":[{"embeddable":true,"href":"https:\/\/ekon-immogroup.com\/de\/wp-json\/wp\/v2\/comments?post=7569"}],"version-history":[{"count":10,"href":"https:\/\/ekon-immogroup.com\/de\/wp-json\/wp\/v2\/pages\/7569\/revisions"}],"predecessor-version":[{"id":7710,"href":"https:\/\/ekon-immogroup.com\/de\/wp-json\/wp\/v2\/pages\/7569\/revisions\/7710"}],"wp:attachment":[{"href":"https:\/\/ekon-immogroup.com\/de\/wp-json\/wp\/v2\/media?parent=7569"}],"curies":[{"name":"wp","href":"https:\/\/api.w.org\/{rel}","templated":true}]}}