{"id":7499,"date":"2021-11-24T09:56:06","date_gmt":"2021-11-24T08:56:06","guid":{"rendered":"https:\/\/ekon-immogroup.com\/?page_id=7499"},"modified":"2021-11-26T09:18:30","modified_gmt":"2021-11-26T08:18:30","slug":"clt-box","status":"publish","type":"page","link":"https:\/\/ekon-immogroup.com\/de\/clt-box\/","title":{"rendered":"CLT BOX"},"content":{"rendered":"<div data-elementor-type=\"wp-page\" data-elementor-id=\"7499\" class=\"elementor elementor-7499\">\n\t\t\t\t\t\t\t        <section class=\"elementor-section elementor-top-section elementor-element elementor-element-4d057460 elementor-section-content-middle elementor-section-boxed elementor-section-height-default elementor-section-height-default\" data-id=\"4d057460\" data-element_type=\"section\">\n            \n                        <div class=\"elementor-container elementor-column-gap-extended\">\n                    <div class=\"elementor-column elementor-col-50 elementor-top-column elementor-element elementor-element-1f19bea5\" data-id=\"1f19bea5\" data-element_type=\"column\">\n            <div class=\"elementor-widget-wrap elementor-element-populated\">\n                        \t\t<div class=\"elementor-element elementor-element-fc8f770 elementor-widget elementor-widget-ct_heading\" data-id=\"fc8f770\" data-element_type=\"widget\" data-widget_type=\"ct_heading.default\">\n\t\t\t\t<div class=\"elementor-widget-container\">\n\t\t\t<div class=\"ct-heading h-align-  sub-style1 ct-heading-left item-st-default\">\r\n\t\t\t<div class=\"item--sub-title style1 show-line\">\r\n                        Decke                                 <\/div>\r\n\t    <h3 class=\"item--title st-default\" data-wow-delay=\"ms\">\r\n                <span>\r\n            \r\n            CLT BOX\r\n                    <\/span>\r\n            <\/h3>\r\n<\/div>\t\t<\/div>\n\t\t\t\t<\/div>\n\t\t            <\/div>\n        <\/div>\n                <div class=\"elementor-column elementor-col-50 elementor-top-column elementor-element elementor-element-3f9f9fdb\" data-id=\"3f9f9fdb\" data-element_type=\"column\">\n            <div class=\"elementor-widget-wrap elementor-element-populated\">\n                        \t\t<div class=\"elementor-element elementor-element-483524e5 elementor-widget elementor-widget-text-editor\" data-id=\"483524e5\" data-element_type=\"widget\" data-widget_type=\"text-editor.default\">\n\t\t\t\t<div class=\"elementor-widget-container\">\n\t\t\t<style>\/*! elementor - v3.17.0 - 01-11-2023 *\/\n.elementor-widget-text-editor.elementor-drop-cap-view-stacked .elementor-drop-cap{background-color:#69727d;color:#fff}.elementor-widget-text-editor.elementor-drop-cap-view-framed .elementor-drop-cap{color:#69727d;border:3px solid;background-color:transparent}.elementor-widget-text-editor:not(.elementor-drop-cap-view-default) .elementor-drop-cap{margin-top:8px}.elementor-widget-text-editor:not(.elementor-drop-cap-view-default) .elementor-drop-cap-letter{width:1em;height:1em}.elementor-widget-text-editor .elementor-drop-cap{float:left;text-align:center;line-height:1;font-size:50px}.elementor-widget-text-editor .elementor-drop-cap-letter{display:inline-block}<\/style>\t\t\t\t<p>Die Ekon ImmoGroup verwendet bei ihrer Arbeit die hochwertigsten Materialien und Ausf\u00fchrungsmethoden. Wir sind Inhaber von EU-Zertifikaten f\u00fcr den Fertigbau<\/p>\t\t\t\t\t\t<\/div>\n\t\t\t\t<\/div>\n\t\t            <\/div>\n        <\/div>\n                            <\/div>\n        <\/section>\n                <section class=\"elementor-section elementor-top-section elementor-element elementor-element-5289e702 elementor-section-boxed elementor-section-height-default elementor-section-height-default\" data-id=\"5289e702\" data-element_type=\"section\">\n            \n                        <div class=\"elementor-container elementor-column-gap-extended\">\n                    <div class=\"elementor-column elementor-col-66 elementor-top-column elementor-element elementor-element-703e9c73\" data-id=\"703e9c73\" data-element_type=\"column\">\n            <div class=\"elementor-widget-wrap elementor-element-populated\">\n                        \t\t<div class=\"elementor-element elementor-element-18a54ed8 elementor-widget elementor-widget-image\" data-id=\"18a54ed8\" data-element_type=\"widget\" data-widget_type=\"image.default\">\n\t\t\t\t<div class=\"elementor-widget-container\">\n\t\t\t<style>\/*! elementor - v3.17.0 - 01-11-2023 *\/\n.elementor-widget-image{text-align:center}.elementor-widget-image a{display:inline-block}.elementor-widget-image a img[src$=\".svg\"]{width:48px}.elementor-widget-image img{vertical-align:middle;display:inline-block}<\/style>\t\t\t\t\t\t\t\t\t\t\t\t<img decoding=\"async\" src=\"https:\/\/ekon-immogroup.com\/wp-content\/uploads\/elementor\/thumbs\/CLT-BOX-pfk5deslw1uc53t5e4sd2rn5fm180d48y9rt3m6s7a.png\" title=\"Ekon Immogroup CLT box\" alt=\"Ekon Immogroup CLT box\" loading=\"lazy\" \/>\t\t\t\t\t\t\t\t\t\t\t\t\t\t\t<\/div>\n\t\t\t\t<\/div>\n\t\t            <\/div>\n        <\/div>\n                <div class=\"elementor-column elementor-col-33 elementor-top-column elementor-element elementor-element-56d82f60\" data-id=\"56d82f60\" data-element_type=\"column\">\n            <div class=\"elementor-widget-wrap elementor-element-populated\">\n                        \t\t<div class=\"elementor-element elementor-element-5d72883c elementor-widget elementor-widget-ct_heading\" data-id=\"5d72883c\" data-element_type=\"widget\" data-widget_type=\"ct_heading.default\">\n\t\t\t\t<div class=\"elementor-widget-container\">\n\t\t\t<div class=\"ct-heading h-align-  sub-style1 ct-heading-left item-st-default\">\r\n\t    <h3 class=\"item--title st-default\" data-wow-delay=\"ms\">\r\n                <span>\r\n            \r\n            Wir bauen die CLT-Box aus folgenden Materialien:\r\n                    <\/span>\r\n            <\/h3>\r\n<\/div>\t\t<\/div>\n\t\t\t\t<\/div>\n\t\t\t\t<div class=\"elementor-element elementor-element-482cec58 elementor-icon-list--layout-traditional elementor-list-item-link-full_width elementor-widget elementor-widget-icon-list\" data-id=\"482cec58\" data-element_type=\"widget\" data-widget_type=\"icon-list.default\">\n\t\t\t\t<div class=\"elementor-widget-container\">\n\t\t\t<link rel=\"stylesheet\" href=\"https:\/\/ekon-immogroup.com\/wp-content\/plugins\/elementor\/assets\/css\/widget-icon-list.min.css\">\t\t<ul class=\"elementor-icon-list-items\">\n\t\t\t\t\t\t\t<li class=\"elementor-icon-list-item\">\n\t\t\t\t\t\t\t\t\t\t\t<span class=\"elementor-icon-list-icon\">\n\t\t\t\t\t\t\t<svg xmlns=\"http:\/\/www.w3.org\/2000\/svg\" id=\"Layer_1\" data-name=\"Layer 1\" viewbox=\"0 0 84 84\"><defs><style>.cls-1{fill:#3081ae;}.cls-2{fill:#fff;}<\/style><\/defs><title>broj jedan<\/title><circle class=\"cls-1\" cx=\"42\" cy=\"42\" r=\"42\"><\/circle><path class=\"cls-2\" d=\"M43.83,17.21h-.21l-11.87,6.4-1.78-7,14.91-8h7.88V76.84H43.83Z\" transform=\"translate(-3 -3)\"><\/path><\/svg>\t\t\t\t\t\t<\/span>\n\t\t\t\t\t\t\t\t\t\t<span class=\"elementor-icon-list-text\">CLT-Platte<\/span>\n\t\t\t\t\t\t\t\t\t<\/li>\n\t\t\t\t\t\t\t\t<li class=\"elementor-icon-list-item\">\n\t\t\t\t\t\t\t\t\t\t\t<span class=\"elementor-icon-list-icon\">\n\t\t\t\t\t\t\t<svg xmlns=\"http:\/\/www.w3.org\/2000\/svg\" id=\"Layer_1\" data-name=\"Layer 1\" viewbox=\"0 0 60 60\"><defs><style>.cls-1{fill:#3081ae;}.cls-2{fill:#fff;}<\/style><\/defs><title>broj dva<\/title><circle class=\"cls-1\" cx=\"30\" cy=\"30\" r=\"30\"><\/circle><path class=\"cls-2\" d=\"M17,55.56v-3.8L21.82,47c11.69-11.13,17-17,17-23.94,0-4.65-2.25-8.95-9.08-8.95A15.59,15.59,0,0,0,20.05,18l-2-4.37A20.1,20.1,0,0,1,31,9c9.86,0,14,6.76,14,13.31,0,8.45-6.13,15.28-15.77,24.58l-3.66,3.38v.14H46.19v5.14Z\" transform=\"translate(-2 -2)\"><\/path><\/svg>\t\t\t\t\t\t<\/span>\n\t\t\t\t\t\t\t\t\t\t<span class=\"elementor-icon-list-text\">Strukturrahmen aus Holz<\/span>\n\t\t\t\t\t\t\t\t\t<\/li>\n\t\t\t\t\t\t\t\t<li class=\"elementor-icon-list-item\">\n\t\t\t\t\t\t\t\t\t\t\t<span class=\"elementor-icon-list-icon\">\n\t\t\t\t\t\t\t<svg xmlns=\"http:\/\/www.w3.org\/2000\/svg\" id=\"Layer_1\" data-name=\"Layer 1\" viewbox=\"0 0 60 60\"><defs><style>.cls-1{fill:#3081ae;}.cls-2{fill:#fff;}<\/style><\/defs><title>broj tri<\/title><circle class=\"cls-1\" cx=\"30\" cy=\"30\" r=\"30\"><\/circle><path class=\"cls-2\" d=\"M19.21,48A21,21,0,0,0,29.5,50.93c8.07,0,10.57-5.14,10.5-9-.07-6.5-5.93-9.29-12-9.29H24.5V27.93H28c4.57,0,10.36-2.36,10.36-7.86,0-3.71-2.36-7-8.14-7a17.05,17.05,0,0,0-9.29,3.07l-1.64-4.57A22.07,22.07,0,0,1,31.43,8c9.14,0,13.29,5.43,13.29,11.07,0,4.79-2.86,8.86-8.57,10.93v.15c5.71,1.14,10.36,5.43,10.36,11.93C46.5,49.5,40.71,56,29.57,56A23.59,23.59,0,0,1,17.5,52.86Z\" transform=\"translate(-2 -2)\"><\/path><\/svg>\t\t\t\t\t\t<\/span>\n\t\t\t\t\t\t\t\t\t\t<span class=\"elementor-icon-list-text\">F\u00fcllung<\/span>\n\t\t\t\t\t\t\t\t\t<\/li>\n\t\t\t\t\t\t\t\t<li class=\"elementor-icon-list-item\">\n\t\t\t\t\t\t\t\t\t\t\t<span class=\"elementor-icon-list-icon\">\n\t\t\t\t\t\t\t<svg xmlns=\"http:\/\/www.w3.org\/2000\/svg\" id=\"Layer_1\" data-name=\"Layer 1\" viewbox=\"0 0 60 60\"><defs><style>.cls-1{fill:#3081ae;}.cls-2{fill:#fff;}<\/style><\/defs><title>broj \u010detiri<\/title><circle class=\"cls-1\" cx=\"30\" cy=\"30\" r=\"30\"><\/circle><path class=\"cls-2\" d=\"M32.81,56V43.17H11V39L31.95,9h6.86V38.18h6.57v5H38.81V56Zm0-17.77V22.51q0-3.69.22-7.37h-.22c-1.44,2.75-2.6,4.77-3.9,6.93L17.43,38v.14Z\" transform=\"translate(-2 -2)\"><\/path><\/svg>\t\t\t\t\t\t<\/span>\n\t\t\t\t\t\t\t\t\t\t<span class=\"elementor-icon-list-text\">CLT-Platte<\/span>\n\t\t\t\t\t\t\t\t\t<\/li>\n\t\t\t\t\t\t<\/ul>\n\t\t\t\t<\/div>\n\t\t\t\t<\/div>\n\t\t\t\t<div class=\"elementor-element elementor-element-6ef3c15e elementor-widget elementor-widget-ct_portfolio_details\" data-id=\"6ef3c15e\" data-element_type=\"widget\" data-widget_type=\"ct_portfolio_details.default\">\n\t\t\t\t<div class=\"elementor-widget-container\">\n\t\t\t    <ul class=\"ct-portfolio-detail\">\r\n                    <li>\r\n                                    <i aria-hidden=\"true\" class=\"fas fa-tag\"><\/i>                                    \r\n                                    <label>Kategorie:<\/label>\r\n                \r\n                                    <span>Decke<\/span>\r\n                            <\/li>\r\n                    <li>\r\n                                    <i aria-hidden=\"true\" class=\"fas fa-user\"><\/i>                                    \r\n                                    <label>K\u00fcnstler:<\/label>\r\n                \r\n                                    <span>EKON IMMOGROUP<\/span>\r\n                            <\/li>\r\n            <\/ul>\r\n\t\t<\/div>\n\t\t\t\t<\/div>\n\t\t            <\/div>\n        <\/div>\n                            <\/div>\n        <\/section>\n                <section class=\"elementor-section elementor-top-section elementor-element elementor-element-4fda87c0 elementor-section-boxed elementor-section-height-default elementor-section-height-default\" data-id=\"4fda87c0\" data-element_type=\"section\">\n            \n                        <div class=\"elementor-container elementor-column-gap-extended\">\n                    <div class=\"elementor-column elementor-col-100 elementor-top-column elementor-element elementor-element-17b0523e\" data-id=\"17b0523e\" data-element_type=\"column\">\n            <div class=\"elementor-widget-wrap elementor-element-populated\">\n                        \t\t<div class=\"elementor-element elementor-element-6d3913fc elementor-widget elementor-widget-ct_portfolio_carousel\" data-id=\"6d3913fc\" data-element_type=\"widget\" data-widget_type=\"ct_portfolio_carousel.default\">\n\t\t\t\t<div class=\"elementor-widget-container\">\n\t\t\t\r\n<div id=\"ct_portfolio_carousel-6d3913fc\" class=\"ct-portfolio-carousel1 ct-slick-slider style1\">\r\n    <div class=\"ct-carousel-inner\">\r\n        <div class=\"ct-slick-carousel\" data-arrows=\"true\" data-dots=\"false\" data-pauseonhover=\"false\" data-autoplay=\"false\" data-autoplayspeed=\"5000\" data-infinite=\"true\" data-speed=\"500\" data-colxs=\"1\" data-colsm=\"2\" data-colmd=\"3\" data-collg=\"3\" data-colxl=\"3\" data-dir=\"false\" data-slidestoscroll=\"1\">\r\n                    <div class=\"carousel-item slick-slide\">\r\n                <div class=\"grid-item-inner\">\r\n                                            <div class=\"item--featured\">\r\n                            <img decoding=\"async\" class=\"\" src=\"https:\/\/ekon-immogroup.com\/wp-content\/uploads\/2019\/12\/BSH-PANEL-600x589.png\" width=\"600\" height=\"589\" alt=\"Ekon ImmoGroup BSH Panel\" title=\"Ekon Immogroup BSH Panel\" \/>                        <\/div>\r\n                                        \r\n                    <div class=\"item--holder\">\r\n                                                    <div class=\"item--meta\">\r\n                                                                    <h3 class=\"item--title\"><a href=\"https:\/\/ekon-immogroup.com\/de\/ekon-aktualno-za-prodaju\/bsh-panel\/\">BSH Panel<\/a><\/h3>\r\n                                                                                                    <div class=\"item--category\">\r\n                                        <a href=\"https:\/\/ekon-immogroup.com\/de\/portfolio-category\/meduspratni-panel\/\" rel=\"tag\">Zwischengeschoss<\/a>                                    <\/div>\r\n                                                            <\/div>\r\n                                                            <div class=\"item--readmore\">\r\n                                    <a href=\"https:\/\/ekon-immogroup.com\/de\/ekon-aktualno-za-prodaju\/bsh-panel\/\">+<\/a>\r\n                                <\/div>\r\n                                                                        <\/div>\r\n                        \r\n                <\/div>\r\n            <\/div>\r\n                    <div class=\"carousel-item slick-slide\">\r\n                <div class=\"grid-item-inner\">\r\n                                            <div class=\"item--featured\">\r\n                            <img decoding=\"async\" class=\"\" src=\"https:\/\/ekon-immogroup.com\/wp-content\/uploads\/2019\/12\/VANJSKI-ZID-600x589.png\" width=\"600\" height=\"589\" alt=\"Ekon ImmoGroup Vanjski zid\" title=\"Ekon Immogroup Vanjski zid\" \/>                        <\/div>\r\n                                        \r\n                    <div class=\"item--holder\">\r\n                                                    <div class=\"item--meta\">\r\n                                                                    <h3 class=\"item--title\"><a href=\"https:\/\/ekon-immogroup.com\/de\/ekon-aktualno-za-prodaju\/vanjski-zid\/\">Au\u00dfenwand<\/a><\/h3>\r\n                                                                                                    <div class=\"item--category\">\r\n                                        <a href=\"https:\/\/ekon-immogroup.com\/de\/portfolio-category\/zid\/\" rel=\"tag\">Die Wand<\/a>                                    <\/div>\r\n                                                            <\/div>\r\n                                                            <div class=\"item--readmore\">\r\n                                    <a href=\"https:\/\/ekon-immogroup.com\/de\/ekon-aktualno-za-prodaju\/vanjski-zid\/\">+<\/a>\r\n                                <\/div>\r\n                                                                        <\/div>\r\n                        \r\n                <\/div>\r\n            <\/div>\r\n                    <div class=\"carousel-item slick-slide\">\r\n                <div class=\"grid-item-inner\">\r\n                                            <div class=\"item--featured\">\r\n                            <img decoding=\"async\" class=\"\" src=\"https:\/\/ekon-immogroup.com\/wp-content\/uploads\/2019\/11\/KOSI-KROV-600x589.png\" width=\"600\" height=\"589\" alt=\"Ekon ImmoGroup kosi krov\" title=\"Ekon Immogroup kosi krov\" \/>                        <\/div>\r\n                                        \r\n                    <div class=\"item--holder\">\r\n                                                    <div class=\"item--meta\">\r\n                                                                    <h3 class=\"item--title\"><a href=\"https:\/\/ekon-immogroup.com\/de\/ekon-aktualno-za-prodaju\/kosi-krov\/\">Kosi krov<\/a><\/h3>\r\n                                                                                                    <div class=\"item--category\">\r\n                                        <a href=\"https:\/\/ekon-immogroup.com\/de\/portfolio-category\/krov\/\" rel=\"tag\">Dach<\/a>                                    <\/div>\r\n                                                            <\/div>\r\n                                                            <div class=\"item--readmore\">\r\n                                    <a href=\"https:\/\/ekon-immogroup.com\/de\/ekon-aktualno-za-prodaju\/kosi-krov\/\">+<\/a>\r\n                                <\/div>\r\n                                                                        <\/div>\r\n                        \r\n                <\/div>\r\n            <\/div>\r\n                    <div class=\"carousel-item slick-slide\">\r\n                <div class=\"grid-item-inner\">\r\n                                            <div class=\"item--featured\">\r\n                            <img decoding=\"async\" class=\"\" src=\"https:\/\/ekon-immogroup.com\/wp-content\/uploads\/2019\/11\/RAVNI-KROV-SA-TEHNICKIM-PADOM-600x589.png\" width=\"600\" height=\"589\" alt=\"Ekon Immogroup ravni krov sa tehni\u010dkim padom\" title=\"Ekon Immogroup ravni krov sa tehni\u010dkim padom\" \/>                        <\/div>\r\n                                        \r\n                    <div class=\"item--holder\">\r\n                                                    <div class=\"item--meta\">\r\n                                                                    <h3 class=\"item--title\"><a href=\"https:\/\/ekon-immogroup.com\/de\/ekon-aktualno-za-prodaju\/ravni-krov\/\">FLACHDACH MIT TECHNISCHER FALL<\/a><\/h3>\r\n                                                                                                    <div class=\"item--category\">\r\n                                        <a href=\"https:\/\/ekon-immogroup.com\/de\/portfolio-category\/krov\/\" rel=\"tag\">Dach<\/a>                                    <\/div>\r\n                                                            <\/div>\r\n                                                            <div class=\"item--readmore\">\r\n                                    <a href=\"https:\/\/ekon-immogroup.com\/de\/ekon-aktualno-za-prodaju\/ravni-krov\/\">+<\/a>\r\n                                <\/div>\r\n                                                                        <\/div>\r\n                        \r\n                <\/div>\r\n            <\/div>\r\n                    <div class=\"carousel-item slick-slide\">\r\n                <div class=\"grid-item-inner\">\r\n                                            <div class=\"item--featured\">\r\n                            <img decoding=\"async\" class=\"\" src=\"https:\/\/ekon-immogroup.com\/wp-content\/uploads\/2019\/11\/PREGRADNI-ZID-600x589.png\" width=\"600\" height=\"589\" alt=\"Ekon Immogroup pregradni zid\" title=\"Ekon Immogroup pregradni zid\" \/>                        <\/div>\r\n                                        \r\n                    <div class=\"item--holder\">\r\n                                                    <div class=\"item--meta\">\r\n                                                                    <h3 class=\"item--title\"><a href=\"https:\/\/ekon-immogroup.com\/de\/ekon-aktualno-za-prodaju\/pregradni-zid\/\">Trennwand<\/a><\/h3>\r\n                                                                                                    <div class=\"item--category\">\r\n                                        <a href=\"https:\/\/ekon-immogroup.com\/de\/portfolio-category\/zid\/\" rel=\"tag\">Die Wand<\/a>                                    <\/div>\r\n                                                            <\/div>\r\n                                                            <div class=\"item--readmore\">\r\n                                    <a href=\"https:\/\/ekon-immogroup.com\/de\/ekon-aktualno-za-prodaju\/pregradni-zid\/\">+<\/a>\r\n                                <\/div>\r\n                                                                        <\/div>\r\n                        \r\n                <\/div>\r\n            <\/div>\r\n                    <div class=\"carousel-item slick-slide\">\r\n                <div class=\"grid-item-inner\">\r\n                                            <div class=\"item--featured\">\r\n                            <img decoding=\"async\" class=\"\" src=\"https:\/\/ekon-immogroup.com\/wp-content\/uploads\/2019\/11\/UNUTRASNJI-ZID-600x589.png\" width=\"600\" height=\"589\" alt=\"Ekon Immogroup unutra\u0161nji zid\" title=\"Ekon Immogroup unutra\u0161nji zid\" \/>                        <\/div>\r\n                                        \r\n                    <div class=\"item--holder\">\r\n                                                    <div class=\"item--meta\">\r\n                                                                    <h3 class=\"item--title\"><a href=\"https:\/\/ekon-immogroup.com\/de\/ekon-aktualno-za-prodaju\/unutrasnji-zid\/\">Unutra\u017enji zid<\/a><\/h3>\r\n                                                                                                    <div class=\"item--category\">\r\n                                        <a href=\"https:\/\/ekon-immogroup.com\/de\/portfolio-category\/zid\/\" rel=\"tag\">Die Wand<\/a>                                    <\/div>\r\n                                                            <\/div>\r\n                                                            <div class=\"item--readmore\">\r\n                                    <a href=\"https:\/\/ekon-immogroup.com\/de\/ekon-aktualno-za-prodaju\/unutrasnji-zid\/\">+<\/a>\r\n                                <\/div>\r\n                                                                        <\/div>\r\n                        \r\n                <\/div>\r\n            <\/div>\r\n                <\/div>\r\n    <\/div>\r\n<\/div>\r\n\t\t<\/div>\n\t\t\t\t<\/div>\n\t\t            <\/div>\n        <\/div>\n                            <\/div>\n        <\/section>\n        \t\t\t\t\t<\/div>","protected":false},"excerpt":{"rendered":"<p>Deka CLT BOX Ekon ImmoGroup u svom radu se koristi najkvalitetnijim materijalima i na\u010dinima izvedbe. Vlasnici smo EU certifikata za monta\u017enu gradnju. CLT box gradimo od sljede\u0107ih materijala: broj jedan CLT plo\u010da broj dva Drveni konstruktivni ram broj tri Ispuna broj \u010detiri CLT plo\u010da Kategorija: Deka Izvo\u0111a\u010d: EKON IMMOGROUP BSH Panel Me\u0111uspratni panel + Vanjski [&hellip;]<\/p>","protected":false},"author":1,"featured_media":0,"parent":0,"menu_order":0,"comment_status":"closed","ping_status":"closed","template":"","meta":{"footnotes":""},"class_list":["post-7499","page","type-page","status-publish","hentry"],"_links":{"self":[{"href":"https:\/\/ekon-immogroup.com\/de\/wp-json\/wp\/v2\/pages\/7499","targetHints":{"allow":["GET"]}}],"collection":[{"href":"https:\/\/ekon-immogroup.com\/de\/wp-json\/wp\/v2\/pages"}],"about":[{"href":"https:\/\/ekon-immogroup.com\/de\/wp-json\/wp\/v2\/types\/page"}],"author":[{"embeddable":true,"href":"https:\/\/ekon-immogroup.com\/de\/wp-json\/wp\/v2\/users\/1"}],"replies":[{"embeddable":true,"href":"https:\/\/ekon-immogroup.com\/de\/wp-json\/wp\/v2\/comments?post=7499"}],"version-history":[{"count":7,"href":"https:\/\/ekon-immogroup.com\/de\/wp-json\/wp\/v2\/pages\/7499\/revisions"}],"predecessor-version":[{"id":7651,"href":"https:\/\/ekon-immogroup.com\/de\/wp-json\/wp\/v2\/pages\/7499\/revisions\/7651"}],"wp:attachment":[{"href":"https:\/\/ekon-immogroup.com\/de\/wp-json\/wp\/v2\/media?parent=7499"}],"curies":[{"name":"wp","href":"https:\/\/api.w.org\/{rel}","templated":true}]}}