{"id":7448,"date":"2021-11-24T09:34:30","date_gmt":"2021-11-24T08:34:30","guid":{"rendered":"https:\/\/ekon-immogroup.com\/?page_id=7448"},"modified":"2021-11-26T09:13:27","modified_gmt":"2021-11-26T08:13:27","slug":"bsh-panel","status":"publish","type":"page","link":"https:\/\/ekon-immogroup.com\/de\/bsh-panel\/","title":{"rendered":"BSH PANEL"},"content":{"rendered":"<div data-elementor-type=\"wp-page\" data-elementor-id=\"7448\" class=\"elementor elementor-7448\">\n\t\t\t\t\t\t\t        <section class=\"elementor-section elementor-top-section elementor-element elementor-element-4011806a elementor-section-content-middle elementor-section-boxed elementor-section-height-default elementor-section-height-default\" data-id=\"4011806a\" data-element_type=\"section\">\n            \n                        <div class=\"elementor-container elementor-column-gap-extended\">\n                    <div class=\"elementor-column elementor-col-50 elementor-top-column elementor-element elementor-element-913fea5\" data-id=\"913fea5\" data-element_type=\"column\">\n            <div class=\"elementor-widget-wrap elementor-element-populated\">\n                        \t\t<div class=\"elementor-element elementor-element-1b5bdccc elementor-widget elementor-widget-ct_heading\" data-id=\"1b5bdccc\" data-element_type=\"widget\" data-widget_type=\"ct_heading.default\">\n\t\t\t\t<div class=\"elementor-widget-container\">\n\t\t\t<div class=\"ct-heading h-align-  sub-style1 ct-heading-left item-st-default\">\r\n\t\t\t<div class=\"item--sub-title style1 show-line\">\r\n                        Decke klassisches Design                                <\/div>\r\n\t    <h3 class=\"item--title st-default\" data-wow-delay=\"ms\">\r\n                <span>\r\n            \r\n            BSH Panel\r\n                    <\/span>\r\n            <\/h3>\r\n<\/div>\t\t<\/div>\n\t\t\t\t<\/div>\n\t\t            <\/div>\n        <\/div>\n                <div class=\"elementor-column elementor-col-50 elementor-top-column elementor-element elementor-element-6973b1e4\" data-id=\"6973b1e4\" data-element_type=\"column\">\n            <div class=\"elementor-widget-wrap elementor-element-populated\">\n                        \t\t<div class=\"elementor-element elementor-element-5f1b7e8c elementor-widget elementor-widget-text-editor\" data-id=\"5f1b7e8c\" data-element_type=\"widget\" data-widget_type=\"text-editor.default\">\n\t\t\t\t<div class=\"elementor-widget-container\">\n\t\t\t<style>\/*! elementor - v3.17.0 - 01-11-2023 *\/\n.elementor-widget-text-editor.elementor-drop-cap-view-stacked .elementor-drop-cap{background-color:#69727d;color:#fff}.elementor-widget-text-editor.elementor-drop-cap-view-framed .elementor-drop-cap{color:#69727d;border:3px solid;background-color:transparent}.elementor-widget-text-editor:not(.elementor-drop-cap-view-default) .elementor-drop-cap{margin-top:8px}.elementor-widget-text-editor:not(.elementor-drop-cap-view-default) .elementor-drop-cap-letter{width:1em;height:1em}.elementor-widget-text-editor .elementor-drop-cap{float:left;text-align:center;line-height:1;font-size:50px}.elementor-widget-text-editor .elementor-drop-cap-letter{display:inline-block}<\/style>\t\t\t\t<p>Die Ekon ImmoGroup verwendet bei ihrer Arbeit die hochwertigsten Materialien und Ausf\u00fchrungsmethoden. Wir sind Inhaber von EU-Zertifikaten f\u00fcr den Fertigbau<\/p>\t\t\t\t\t\t<\/div>\n\t\t\t\t<\/div>\n\t\t            <\/div>\n        <\/div>\n                            <\/div>\n        <\/section>\n                <section class=\"elementor-section elementor-top-section elementor-element elementor-element-74b55952 elementor-section-boxed elementor-section-height-default elementor-section-height-default\" data-id=\"74b55952\" data-element_type=\"section\">\n            \n                        <div class=\"elementor-container elementor-column-gap-extended\">\n                    <div class=\"elementor-column elementor-col-66 elementor-top-column elementor-element elementor-element-75f0579f\" data-id=\"75f0579f\" data-element_type=\"column\">\n            <div class=\"elementor-widget-wrap elementor-element-populated\">\n                        \t\t<div class=\"elementor-element elementor-element-5ea7506 elementor-widget elementor-widget-image\" data-id=\"5ea7506\" data-element_type=\"widget\" data-widget_type=\"image.default\">\n\t\t\t\t<div class=\"elementor-widget-container\">\n\t\t\t<style>\/*! elementor - v3.17.0 - 01-11-2023 *\/\n.elementor-widget-image{text-align:center}.elementor-widget-image a{display:inline-block}.elementor-widget-image a img[src$=\".svg\"]{width:48px}.elementor-widget-image img{vertical-align:middle;display:inline-block}<\/style>\t\t\t\t\t\t\t\t\t\t\t\t<img decoding=\"async\" src=\"https:\/\/ekon-immogroup.com\/wp-content\/uploads\/elementor\/thumbs\/BSH-PANEL-pfk4svzgo9qynlmb89flmy2uir6py9n84p05w4m81y.png\" title=\"Ekon Immogroup BSH Panel\" alt=\"Ekon ImmoGroup BSH Panel\" loading=\"lazy\" \/>\t\t\t\t\t\t\t\t\t\t\t\t\t\t\t<\/div>\n\t\t\t\t<\/div>\n\t\t            <\/div>\n        <\/div>\n                <div class=\"elementor-column elementor-col-33 elementor-top-column elementor-element elementor-element-144d362c\" data-id=\"144d362c\" data-element_type=\"column\">\n            <div class=\"elementor-widget-wrap elementor-element-populated\">\n                        \t\t<div class=\"elementor-element elementor-element-15fc8c71 elementor-widget elementor-widget-ct_heading\" data-id=\"15fc8c71\" data-element_type=\"widget\" data-widget_type=\"ct_heading.default\">\n\t\t\t\t<div class=\"elementor-widget-container\">\n\t\t\t<div class=\"ct-heading h-align-  sub-style1 ct-heading-left item-st-default\">\r\n\t    <h3 class=\"item--title st-default\" data-wow-delay=\"ms\">\r\n                <span>\r\n            \r\n            BSH-Panel besteht aus: \r\n                    <\/span>\r\n            <\/h3>\r\n<\/div>\t\t<\/div>\n\t\t\t\t<\/div>\n\t\t\t\t<div class=\"elementor-element elementor-element-214e364b elementor-widget elementor-widget-text-editor\" data-id=\"214e364b\" data-element_type=\"widget\" data-widget_type=\"text-editor.default\">\n\t\t\t\t<div class=\"elementor-widget-container\">\n\t\t\t\t\t\t\t<p>Wir verwenden dieses Panel f\u00fcr ein klassisches Deckendesign.\u00a0<\/p>\t\t\t\t\t\t<\/div>\n\t\t\t\t<\/div>\n\t\t\t\t<div class=\"elementor-element elementor-element-7243e29e elementor-widget elementor-widget-ct_portfolio_details\" data-id=\"7243e29e\" data-element_type=\"widget\" data-widget_type=\"ct_portfolio_details.default\">\n\t\t\t\t<div class=\"elementor-widget-container\">\n\t\t\t    <ul class=\"ct-portfolio-detail\">\r\n                    <li>\r\n                                    <i aria-hidden=\"true\" class=\"fas fa-tag\"><\/i>                                    \r\n                                    <label>Kategorie: Decke<\/label>\r\n                \r\n                                    <span>Holz<\/span>\r\n                            <\/li>\r\n                    <li>\r\n                                    <i aria-hidden=\"true\" class=\"fas fa-user\"><\/i>                                    \r\n                                    <label>K\u00fcnstler:<\/label>\r\n                \r\n                                    <span>EKON IMMOGROUP<\/span>\r\n                            <\/li>\r\n            <\/ul>\r\n\t\t<\/div>\n\t\t\t\t<\/div>\n\t\t            <\/div>\n        <\/div>\n                            <\/div>\n        <\/section>\n                <section class=\"elementor-section elementor-top-section elementor-element elementor-element-1d50ffb2 elementor-section-boxed elementor-section-height-default elementor-section-height-default\" data-id=\"1d50ffb2\" data-element_type=\"section\">\n            \n                        <div class=\"elementor-container elementor-column-gap-extended\">\n                    <div class=\"elementor-column elementor-col-100 elementor-top-column elementor-element elementor-element-71f40f11\" data-id=\"71f40f11\" data-element_type=\"column\">\n            <div class=\"elementor-widget-wrap elementor-element-populated\">\n                        \t\t<div class=\"elementor-element elementor-element-59e69d1 elementor-widget elementor-widget-ct_portfolio_carousel\" data-id=\"59e69d1\" data-element_type=\"widget\" data-widget_type=\"ct_portfolio_carousel.default\">\n\t\t\t\t<div class=\"elementor-widget-container\">\n\t\t\t\r\n<div id=\"ct_portfolio_carousel-59e69d1\" class=\"ct-portfolio-carousel1 ct-slick-slider style1\">\r\n    <div class=\"ct-carousel-inner\">\r\n        <div class=\"ct-slick-carousel\" data-arrows=\"true\" data-dots=\"false\" data-pauseonhover=\"false\" data-autoplay=\"false\" data-autoplayspeed=\"5000\" data-infinite=\"true\" data-speed=\"500\" data-colxs=\"1\" data-colsm=\"2\" data-colmd=\"3\" data-collg=\"3\" data-colxl=\"3\" data-dir=\"false\" data-slidestoscroll=\"1\">\r\n                    <div class=\"carousel-item slick-slide\">\r\n                <div class=\"grid-item-inner\">\r\n                                            <div class=\"item--featured\">\r\n                            <img decoding=\"async\" class=\"\" src=\"https:\/\/ekon-immogroup.com\/wp-content\/uploads\/2019\/12\/BSH-PANEL-600x589.png\" width=\"600\" height=\"589\" alt=\"Ekon ImmoGroup BSH Panel\" title=\"Ekon Immogroup BSH Panel\" \/>                        <\/div>\r\n                                        \r\n                    <div class=\"item--holder\">\r\n                                                    <div class=\"item--meta\">\r\n                                                                    <h3 class=\"item--title\"><a href=\"https:\/\/ekon-immogroup.com\/de\/ekon-aktualno-za-prodaju\/bsh-panel\/\">BSH Panel<\/a><\/h3>\r\n                                                                                                    <div class=\"item--category\">\r\n                                        <a href=\"https:\/\/ekon-immogroup.com\/de\/portfolio-category\/meduspratni-panel\/\" rel=\"tag\">Zwischengeschoss<\/a>                                    <\/div>\r\n                                                            <\/div>\r\n                                                            <div class=\"item--readmore\">\r\n                                    <a href=\"https:\/\/ekon-immogroup.com\/de\/ekon-aktualno-za-prodaju\/bsh-panel\/\">+<\/a>\r\n                                <\/div>\r\n                                                                        <\/div>\r\n                        \r\n                <\/div>\r\n            <\/div>\r\n                    <div class=\"carousel-item slick-slide\">\r\n                <div class=\"grid-item-inner\">\r\n                                            <div class=\"item--featured\">\r\n                            <img decoding=\"async\" class=\"\" src=\"https:\/\/ekon-immogroup.com\/wp-content\/uploads\/2019\/12\/VANJSKI-ZID-600x589.png\" width=\"600\" height=\"589\" alt=\"Ekon ImmoGroup Vanjski zid\" title=\"Ekon Immogroup Vanjski zid\" \/>                        <\/div>\r\n                                        \r\n                    <div class=\"item--holder\">\r\n                                                    <div class=\"item--meta\">\r\n                                                                    <h3 class=\"item--title\"><a href=\"https:\/\/ekon-immogroup.com\/de\/ekon-aktualno-za-prodaju\/vanjski-zid\/\">Au\u00dfenwand<\/a><\/h3>\r\n                                                                                                    <div class=\"item--category\">\r\n                                        <a href=\"https:\/\/ekon-immogroup.com\/de\/portfolio-category\/zid\/\" rel=\"tag\">Die Wand<\/a>                                    <\/div>\r\n                                                            <\/div>\r\n                                                            <div class=\"item--readmore\">\r\n                                    <a href=\"https:\/\/ekon-immogroup.com\/de\/ekon-aktualno-za-prodaju\/vanjski-zid\/\">+<\/a>\r\n                                <\/div>\r\n                                                                        <\/div>\r\n                        \r\n                <\/div>\r\n            <\/div>\r\n                    <div class=\"carousel-item slick-slide\">\r\n                <div class=\"grid-item-inner\">\r\n                                            <div class=\"item--featured\">\r\n                            <img decoding=\"async\" class=\"\" src=\"https:\/\/ekon-immogroup.com\/wp-content\/uploads\/2019\/11\/KOSI-KROV-600x589.png\" width=\"600\" height=\"589\" alt=\"Ekon ImmoGroup kosi krov\" title=\"Ekon Immogroup kosi krov\" \/>                        <\/div>\r\n                                        \r\n                    <div class=\"item--holder\">\r\n                                                    <div class=\"item--meta\">\r\n                                                                    <h3 class=\"item--title\"><a href=\"https:\/\/ekon-immogroup.com\/de\/ekon-aktualno-za-prodaju\/kosi-krov\/\">Kosi krov<\/a><\/h3>\r\n                                                                                                    <div class=\"item--category\">\r\n                                        <a href=\"https:\/\/ekon-immogroup.com\/de\/portfolio-category\/krov\/\" rel=\"tag\">Dach<\/a>                                    <\/div>\r\n                                                            <\/div>\r\n                                                            <div class=\"item--readmore\">\r\n                                    <a href=\"https:\/\/ekon-immogroup.com\/de\/ekon-aktualno-za-prodaju\/kosi-krov\/\">+<\/a>\r\n                                <\/div>\r\n                                                                        <\/div>\r\n                        \r\n                <\/div>\r\n            <\/div>\r\n                    <div class=\"carousel-item slick-slide\">\r\n                <div class=\"grid-item-inner\">\r\n                                            <div class=\"item--featured\">\r\n                            <img decoding=\"async\" class=\"\" src=\"https:\/\/ekon-immogroup.com\/wp-content\/uploads\/2019\/11\/RAVNI-KROV-SA-TEHNICKIM-PADOM-600x589.png\" width=\"600\" height=\"589\" alt=\"Ekon Immogroup ravni krov sa tehni\u010dkim padom\" title=\"Ekon Immogroup ravni krov sa tehni\u010dkim padom\" \/>                        <\/div>\r\n                                        \r\n                    <div class=\"item--holder\">\r\n                                                    <div class=\"item--meta\">\r\n                                                                    <h3 class=\"item--title\"><a href=\"https:\/\/ekon-immogroup.com\/de\/ekon-aktualno-za-prodaju\/ravni-krov\/\">FLACHDACH MIT TECHNISCHER FALL<\/a><\/h3>\r\n                                                                                                    <div class=\"item--category\">\r\n                                        <a href=\"https:\/\/ekon-immogroup.com\/de\/portfolio-category\/krov\/\" rel=\"tag\">Dach<\/a>                                    <\/div>\r\n                                                            <\/div>\r\n                                                            <div class=\"item--readmore\">\r\n                                    <a href=\"https:\/\/ekon-immogroup.com\/de\/ekon-aktualno-za-prodaju\/ravni-krov\/\">+<\/a>\r\n                                <\/div>\r\n                                                                        <\/div>\r\n                        \r\n                <\/div>\r\n            <\/div>\r\n                    <div class=\"carousel-item slick-slide\">\r\n                <div class=\"grid-item-inner\">\r\n                                            <div class=\"item--featured\">\r\n                            <img decoding=\"async\" class=\"\" src=\"https:\/\/ekon-immogroup.com\/wp-content\/uploads\/2019\/11\/PREGRADNI-ZID-600x589.png\" width=\"600\" height=\"589\" alt=\"Ekon Immogroup pregradni zid\" title=\"Ekon Immogroup pregradni zid\" \/>                        <\/div>\r\n                                        \r\n                    <div class=\"item--holder\">\r\n                                                    <div class=\"item--meta\">\r\n                                                                    <h3 class=\"item--title\"><a href=\"https:\/\/ekon-immogroup.com\/de\/ekon-aktualno-za-prodaju\/pregradni-zid\/\">Trennwand<\/a><\/h3>\r\n                                                                                                    <div class=\"item--category\">\r\n                                        <a href=\"https:\/\/ekon-immogroup.com\/de\/portfolio-category\/zid\/\" rel=\"tag\">Die Wand<\/a>                                    <\/div>\r\n                                                            <\/div>\r\n                                                            <div class=\"item--readmore\">\r\n                                    <a href=\"https:\/\/ekon-immogroup.com\/de\/ekon-aktualno-za-prodaju\/pregradni-zid\/\">+<\/a>\r\n                                <\/div>\r\n                                                                        <\/div>\r\n                        \r\n                <\/div>\r\n            <\/div>\r\n                    <div class=\"carousel-item slick-slide\">\r\n                <div class=\"grid-item-inner\">\r\n                                            <div class=\"item--featured\">\r\n                            <img decoding=\"async\" class=\"\" src=\"https:\/\/ekon-immogroup.com\/wp-content\/uploads\/2019\/11\/UNUTRASNJI-ZID-600x589.png\" width=\"600\" height=\"589\" alt=\"Ekon Immogroup unutra\u0161nji zid\" title=\"Ekon Immogroup unutra\u0161nji zid\" \/>                        <\/div>\r\n                                        \r\n                    <div class=\"item--holder\">\r\n                                                    <div class=\"item--meta\">\r\n                                                                    <h3 class=\"item--title\"><a href=\"https:\/\/ekon-immogroup.com\/de\/ekon-aktualno-za-prodaju\/unutrasnji-zid\/\">Unutra\u017enji zid<\/a><\/h3>\r\n                                                                                                    <div class=\"item--category\">\r\n                                        <a href=\"https:\/\/ekon-immogroup.com\/de\/portfolio-category\/zid\/\" rel=\"tag\">Die Wand<\/a>                                    <\/div>\r\n                                                            <\/div>\r\n                                                            <div class=\"item--readmore\">\r\n                                    <a href=\"https:\/\/ekon-immogroup.com\/de\/ekon-aktualno-za-prodaju\/unutrasnji-zid\/\">+<\/a>\r\n                                <\/div>\r\n                                                                        <\/div>\r\n                        \r\n                <\/div>\r\n            <\/div>\r\n                <\/div>\r\n    <\/div>\r\n<\/div>\r\n\t\t<\/div>\n\t\t\t\t<\/div>\n\t\t            <\/div>\n        <\/div>\n                            <\/div>\n        <\/section>\n        \t\t\t\t\t<\/div>","protected":false},"excerpt":{"rendered":"<p>Deka klasi\u010dna izvedba BSH Panel Ekon ImmoGroup u svom radu se koristi najkvalitetnijim materijalima i na\u010dinima izvedbe. Vlasnici smo EU certifikata za monta\u017enu gradnju. BSH Panel se sastoji od: Ovaj panel koristimo za klasi\u010dnu izvdebu deke.\u00a0 Kategorija: Deka Drvo Izvo\u0111a\u010d: EKON IMMOGROUP BSH Panel Me\u0111uspratni panel + Vanjski zid Zid + Kosi krov Krov + [&hellip;]<\/p>","protected":false},"author":1,"featured_media":0,"parent":0,"menu_order":0,"comment_status":"closed","ping_status":"closed","template":"","meta":{"footnotes":""},"class_list":["post-7448","page","type-page","status-publish","hentry"],"_links":{"self":[{"href":"https:\/\/ekon-immogroup.com\/de\/wp-json\/wp\/v2\/pages\/7448","targetHints":{"allow":["GET"]}}],"collection":[{"href":"https:\/\/ekon-immogroup.com\/de\/wp-json\/wp\/v2\/pages"}],"about":[{"href":"https:\/\/ekon-immogroup.com\/de\/wp-json\/wp\/v2\/types\/page"}],"author":[{"embeddable":true,"href":"https:\/\/ekon-immogroup.com\/de\/wp-json\/wp\/v2\/users\/1"}],"replies":[{"embeddable":true,"href":"https:\/\/ekon-immogroup.com\/de\/wp-json\/wp\/v2\/comments?post=7448"}],"version-history":[{"count":10,"href":"https:\/\/ekon-immogroup.com\/de\/wp-json\/wp\/v2\/pages\/7448\/revisions"}],"predecessor-version":[{"id":7627,"href":"https:\/\/ekon-immogroup.com\/de\/wp-json\/wp\/v2\/pages\/7448\/revisions\/7627"}],"wp:attachment":[{"href":"https:\/\/ekon-immogroup.com\/de\/wp-json\/wp\/v2\/media?parent=7448"}],"curies":[{"name":"wp","href":"https:\/\/api.w.org\/{rel}","templated":true}]}}