{"id":417,"date":"2019-11-11T08:41:02","date_gmt":"2019-11-11T08:41:02","guid":{"rendered":"https:\/\/demo.casethemes.net\/consultio-immigration\/?page_id=417"},"modified":"2021-12-30T08:42:06","modified_gmt":"2021-12-30T07:42:06","slug":"aktuelno-za-prodaju","status":"publish","type":"page","link":"https:\/\/ekon-immogroup.com\/de\/aktuelno-za-prodaju\/","title":{"rendered":"AKTUELL ZUM VERKAUF"},"content":{"rendered":"<div data-elementor-type=\"wp-page\" data-elementor-id=\"417\" class=\"elementor elementor-417\">\n\t\t\t\t\t\t\t        <section class=\"elementor-section elementor-top-section elementor-element elementor-element-480e3e3e elementor-section-content-middle elementor-section-boxed elementor-section-height-default elementor-section-height-default\" data-id=\"480e3e3e\" data-element_type=\"section\">\n            \n                        <div class=\"elementor-container elementor-column-gap-extended\">\n                    <div class=\"elementor-column elementor-col-50 elementor-top-column elementor-element elementor-element-29909522\" data-id=\"29909522\" data-element_type=\"column\">\n            <div class=\"elementor-widget-wrap elementor-element-populated\">\n                        \t\t<div class=\"elementor-element elementor-element-3a5a486b elementor-widget elementor-widget-ct_heading\" data-id=\"3a5a486b\" data-element_type=\"widget\" data-widget_type=\"ct_heading.default\">\n\t\t\t\t<div class=\"elementor-widget-container\">\n\t\t\t<div class=\"ct-heading h-align-  sub- ct-heading-left item-st-line-left1\">\r\n\t    <h3 class=\"item--title st-line-left1\" data-wow-delay=\"ms\">\r\n                <span>\r\n                            <i><\/i>\r\n            \r\n            Diese Wohneinheiten stehen derzeit zum Verkauf. Sehen Sie mehr Details oder senden Sie uns eine Anfrage.\r\n                    <\/span>\r\n            <\/h3>\r\n<\/div>\t\t<\/div>\n\t\t\t\t<\/div>\n\t\t            <\/div>\n        <\/div>\n                <div class=\"elementor-column elementor-col-50 elementor-top-column elementor-element elementor-element-2047a9dc\" data-id=\"2047a9dc\" data-element_type=\"column\">\n            <div class=\"elementor-widget-wrap elementor-element-populated\">\n                        \t\t<div class=\"elementor-element elementor-element-9c91bb9 elementor-widget elementor-widget-text-editor\" data-id=\"9c91bb9\" data-element_type=\"widget\" data-widget_type=\"text-editor.default\">\n\t\t\t\t<div class=\"elementor-widget-container\">\n\t\t\t<style>\/*! elementor - v3.17.0 - 01-11-2023 *\/\n.elementor-widget-text-editor.elementor-drop-cap-view-stacked .elementor-drop-cap{background-color:#69727d;color:#fff}.elementor-widget-text-editor.elementor-drop-cap-view-framed .elementor-drop-cap{color:#69727d;border:3px solid;background-color:transparent}.elementor-widget-text-editor:not(.elementor-drop-cap-view-default) .elementor-drop-cap{margin-top:8px}.elementor-widget-text-editor:not(.elementor-drop-cap-view-default) .elementor-drop-cap-letter{width:1em;height:1em}.elementor-widget-text-editor .elementor-drop-cap{float:left;text-align:center;line-height:1;font-size:50px}.elementor-widget-text-editor .elementor-drop-cap-letter{display:inline-block}<\/style>\t\t\t\t\t\t\t\t\t\t<\/div>\n\t\t\t\t<\/div>\n\t\t            <\/div>\n        <\/div>\n                            <\/div>\n        <\/section>\n                <section class=\"elementor-section elementor-top-section elementor-element elementor-element-fea0da9 elementor-section-boxed elementor-section-height-default elementor-section-height-default\" data-id=\"fea0da9\" data-element_type=\"section\">\n            \n                        <div class=\"elementor-container elementor-column-gap-default\">\n                    <div class=\"elementor-column elementor-col-50 elementor-top-column elementor-element elementor-element-a8741f6\" data-id=\"a8741f6\" data-element_type=\"column\">\n            <div class=\"elementor-widget-wrap elementor-element-populated\">\n                        \t\t<div class=\"elementor-element elementor-element-467b07d elementor-absolute elementor-align-left elementor-widget elementor-widget-button\" data-id=\"467b07d\" data-element_type=\"widget\" data-settings=\"{&quot;_position&quot;:&quot;absolute&quot;}\" data-widget_type=\"button.default\">\n\t\t\t\t<div class=\"elementor-widget-container\">\n\t\t\t\t\t<div class=\"elementor-button-wrapper\">\n\t\t\t<a class=\"elementor-button elementor-button-link elementor-size-xs\" href=\"https:\/\/ekon-immogroup.com\/de\/projekat-adlernest\/\">\n\t\t\t\t\t\t<span class=\"elementor-button-content-wrapper\">\n\t\t\t\t\t\t<span class=\"elementor-button-text\">AKTUELL IM VERKAUF<\/span>\n\t\t<\/span>\n\t\t\t\t\t<\/a>\n\t\t<\/div>\n\t\t\t\t<\/div>\n\t\t\t\t<\/div>\n\t\t\t\t<div class=\"elementor-element elementor-element-173596b elementor-absolute elementor-align-center elementor-widget elementor-widget-button\" data-id=\"173596b\" data-element_type=\"widget\" data-settings=\"{&quot;_position&quot;:&quot;absolute&quot;}\" data-widget_type=\"button.default\">\n\t\t\t\t<div class=\"elementor-widget-container\">\n\t\t\t\t\t<div class=\"elementor-button-wrapper\">\n\t\t\t<a class=\"elementor-button elementor-button-link elementor-size-xs\" href=\"https:\/\/ekon-immogroup.com\/de\/projekat-im-hofacher\/\">\n\t\t\t\t\t\t<span class=\"elementor-button-content-wrapper\">\n\t\t\t\t\t\t<span class=\"elementor-button-text\">AKTUELL IM VERKAUF<\/span>\n\t\t<\/span>\n\t\t\t\t\t<\/a>\n\t\t<\/div>\n\t\t\t\t<\/div>\n\t\t\t\t<\/div>\n\t\t\t\t<div class=\"elementor-element elementor-element-d7ecfe4 elementor-widget elementor-widget-image\" data-id=\"d7ecfe4\" data-element_type=\"widget\" data-widget_type=\"image.default\">\n\t\t\t\t<div class=\"elementor-widget-container\">\n\t\t\t<style>\/*! elementor - v3.17.0 - 01-11-2023 *\/\n.elementor-widget-image{text-align:center}.elementor-widget-image a{display:inline-block}.elementor-widget-image a img[src$=\".svg\"]{width:48px}.elementor-widget-image img{vertical-align:middle;display:inline-block}<\/style>\t\t\t\t\t\t\t\t\t\t\t\t<img decoding=\"async\" width=\"300\" height=\"169\" src=\"https:\/\/ekon-immogroup.com\/wp-content\/uploads\/2019\/11\/Eksterijer-slika-3-300x169.jpg\" class=\"attachment-medium size-medium wp-image-6064\" alt=\"Ekon Immogroup Ekon Immogroup Projekt \u201eADLERNEST\u201c\" srcset=\"https:\/\/ekon-immogroup.com\/wp-content\/uploads\/2019\/11\/Eksterijer-slika-3-300x169.jpg 300w, https:\/\/ekon-immogroup.com\/wp-content\/uploads\/2019\/11\/Eksterijer-slika-3-1024x576.jpg 1024w, https:\/\/ekon-immogroup.com\/wp-content\/uploads\/2019\/11\/Eksterijer-slika-3-768x432.jpg 768w, https:\/\/ekon-immogroup.com\/wp-content\/uploads\/2019\/11\/Eksterijer-slika-3-600x337.jpg 600w, https:\/\/ekon-immogroup.com\/wp-content\/uploads\/2019\/11\/Eksterijer-slika-3.jpg 1432w\" sizes=\"(max-width: 300px) 100vw, 300px\" \/>\t\t\t\t\t\t\t\t\t\t\t\t\t\t\t<\/div>\n\t\t\t\t<\/div>\n\t\t\t\t<div class=\"elementor-element elementor-element-4296d4e elementor-widget elementor-widget-heading\" data-id=\"4296d4e\" data-element_type=\"widget\" data-widget_type=\"heading.default\">\n\t\t\t\t<div class=\"elementor-widget-container\">\n\t\t\t<style>\/*! elementor - v3.17.0 - 01-11-2023 *\/\n.elementor-heading-title{padding:0;margin:0;line-height:1}.elementor-widget-heading .elementor-heading-title[class*=elementor-size-]>a{color:inherit;font-size:inherit;line-height:inherit}.elementor-widget-heading .elementor-heading-title.elementor-size-small{font-size:15px}.elementor-widget-heading .elementor-heading-title.elementor-size-medium{font-size:19px}.elementor-widget-heading .elementor-heading-title.elementor-size-large{font-size:29px}.elementor-widget-heading .elementor-heading-title.elementor-size-xl{font-size:39px}.elementor-widget-heading .elementor-heading-title.elementor-size-xxl{font-size:59px}<\/style><h5 class=\"elementor-heading-title elementor-size-default\">PROJEKT \"ADLERNEST\" - SCHWEIZ<\/h5>\t\t<\/div>\n\t\t\t\t<\/div>\n\t\t            <\/div>\n        <\/div>\n                <div class=\"elementor-column elementor-col-50 elementor-top-column elementor-element elementor-element-5992a81\" data-id=\"5992a81\" data-element_type=\"column\">\n            <div class=\"elementor-widget-wrap elementor-element-populated\">\n                        \t\t<div class=\"elementor-element elementor-element-6134f31 elementor-widget elementor-widget-image\" data-id=\"6134f31\" data-element_type=\"widget\" data-widget_type=\"image.default\">\n\t\t\t\t<div class=\"elementor-widget-container\">\n\t\t\t\t\t\t\t\t\t\t\t\t\t\t\t<img decoding=\"async\" width=\"300\" height=\"169\" src=\"https:\/\/ekon-immogroup.com\/wp-content\/uploads\/2021\/10\/4-300x169.jpg\" class=\"attachment-medium size-medium wp-image-5748\" alt=\"Ekon Immogroup Hause\" srcset=\"https:\/\/ekon-immogroup.com\/wp-content\/uploads\/2021\/10\/4-300x169.jpg 300w, https:\/\/ekon-immogroup.com\/wp-content\/uploads\/2021\/10\/4-1024x576.jpg 1024w, https:\/\/ekon-immogroup.com\/wp-content\/uploads\/2021\/10\/4-768x432.jpg 768w, https:\/\/ekon-immogroup.com\/wp-content\/uploads\/2021\/10\/4-1536x864.jpg 1536w, https:\/\/ekon-immogroup.com\/wp-content\/uploads\/2021\/10\/4-600x338.jpg 600w, https:\/\/ekon-immogroup.com\/wp-content\/uploads\/2021\/10\/4.jpg 1920w\" sizes=\"(max-width: 300px) 100vw, 300px\" \/>\t\t\t\t\t\t\t\t\t\t\t\t\t\t\t<\/div>\n\t\t\t\t<\/div>\n\t\t\t\t<div class=\"elementor-element elementor-element-78d4f45 elementor-widget elementor-widget-heading\" data-id=\"78d4f45\" data-element_type=\"widget\" data-widget_type=\"heading.default\">\n\t\t\t\t<div class=\"elementor-widget-container\">\n\t\t\t<h5 class=\"elementor-heading-title elementor-size-default\">PROJEKT \"IM HOFACHER\" - SCHWEIZ<\/h5>\t\t<\/div>\n\t\t\t\t<\/div>\n\t\t            <\/div>\n        <\/div>\n                            <\/div>\n        <\/section>\n        \t\t\t\t\t<\/div>","protected":false},"excerpt":{"rendered":"<p>Trenutno su dostupne za prodaju ove stambene jedinice. Pogledajte vi\u0161e detalja ili nam po\u0161aljite upit. TRENUTNO NA PRODAJI TRENUTNO NA PRODAJI PROJEKAT &#8220;ADLERNEST&#8221; &#8211; \u0160VICARSKA PROJEKAT &#8220;IM HOFACHER&#8221; &#8211; \u0160VICARSKA<\/p>","protected":false},"author":1,"featured_media":0,"parent":0,"menu_order":0,"comment_status":"closed","ping_status":"closed","template":"","meta":{"footnotes":""},"class_list":["post-417","page","type-page","status-publish","hentry"],"_links":{"self":[{"href":"https:\/\/ekon-immogroup.com\/de\/wp-json\/wp\/v2\/pages\/417","targetHints":{"allow":["GET"]}}],"collection":[{"href":"https:\/\/ekon-immogroup.com\/de\/wp-json\/wp\/v2\/pages"}],"about":[{"href":"https:\/\/ekon-immogroup.com\/de\/wp-json\/wp\/v2\/types\/page"}],"author":[{"embeddable":true,"href":"https:\/\/ekon-immogroup.com\/de\/wp-json\/wp\/v2\/users\/1"}],"replies":[{"embeddable":true,"href":"https:\/\/ekon-immogroup.com\/de\/wp-json\/wp\/v2\/comments?post=417"}],"version-history":[{"count":62,"href":"https:\/\/ekon-immogroup.com\/de\/wp-json\/wp\/v2\/pages\/417\/revisions"}],"predecessor-version":[{"id":7722,"href":"https:\/\/ekon-immogroup.com\/de\/wp-json\/wp\/v2\/pages\/417\/revisions\/7722"}],"wp:attachment":[{"href":"https:\/\/ekon-immogroup.com\/de\/wp-json\/wp\/v2\/media?parent=417"}],"curies":[{"name":"wp","href":"https:\/\/api.w.org\/{rel}","templated":true}]}}