{"id":415,"date":"2019-11-11T08:40:33","date_gmt":"2019-11-11T08:40:33","guid":{"rendered":"https:\/\/demo.casethemes.net\/consultio-immigration\/?page_id=415"},"modified":"2021-11-24T10:02:23","modified_gmt":"2021-11-24T09:02:23","slug":"ekon-gradnja","status":"publish","type":"page","link":"https:\/\/ekon-immogroup.com\/de\/ekon-gradnja\/","title":{"rendered":"EKON BAU"},"content":{"rendered":"<div data-elementor-type=\"wp-page\" data-elementor-id=\"415\" class=\"elementor elementor-415\">\n\t\t\t\t\t\t\t        <section class=\"elementor-section elementor-top-section elementor-element elementor-element-934d137 elementor-section-content-middle elementor-section-boxed elementor-section-height-default elementor-section-height-default\" data-id=\"934d137\" data-element_type=\"section\">\n            \n                        <div class=\"elementor-container elementor-column-gap-extended\">\n                    <div class=\"elementor-column elementor-col-50 elementor-top-column elementor-element elementor-element-b2993d5\" data-id=\"b2993d5\" data-element_type=\"column\">\n            <div class=\"elementor-widget-wrap elementor-element-populated\">\n                        \t\t<div class=\"elementor-element elementor-element-d7e414a elementor-widget elementor-widget-ct_heading\" data-id=\"d7e414a\" data-element_type=\"widget\" data-widget_type=\"ct_heading.default\">\n\t\t\t\t<div class=\"elementor-widget-container\">\n\t\t\t<div class=\"ct-heading h-align-  sub- ct-heading-left item-st-line-left1\">\r\n\t    <h3 class=\"item--title st-line-left1\" data-wow-delay=\"ms\">\r\n                <span>\r\n                            <i><\/i>\r\n            \r\n            Einige der technischen Spezifikationen, die beim Bau unserer Anlagen Standard sind\r\n                    <\/span>\r\n            <\/h3>\r\n<\/div>\t\t<\/div>\n\t\t\t\t<\/div>\n\t\t            <\/div>\n        <\/div>\n                <div class=\"elementor-column elementor-col-50 elementor-top-column elementor-element elementor-element-c5cb0c2\" data-id=\"c5cb0c2\" data-element_type=\"column\">\n            <div class=\"elementor-widget-wrap elementor-element-populated\">\n                        \t\t<div class=\"elementor-element elementor-element-255149c elementor-widget elementor-widget-text-editor\" data-id=\"255149c\" data-element_type=\"widget\" data-widget_type=\"text-editor.default\">\n\t\t\t\t<div class=\"elementor-widget-container\">\n\t\t\t<style>\/*! elementor - v3.17.0 - 01-11-2023 *\/\n.elementor-widget-text-editor.elementor-drop-cap-view-stacked .elementor-drop-cap{background-color:#69727d;color:#fff}.elementor-widget-text-editor.elementor-drop-cap-view-framed .elementor-drop-cap{color:#69727d;border:3px solid;background-color:transparent}.elementor-widget-text-editor:not(.elementor-drop-cap-view-default) .elementor-drop-cap{margin-top:8px}.elementor-widget-text-editor:not(.elementor-drop-cap-view-default) .elementor-drop-cap-letter{width:1em;height:1em}.elementor-widget-text-editor .elementor-drop-cap{float:left;text-align:center;line-height:1;font-size:50px}.elementor-widget-text-editor .elementor-drop-cap-letter{display:inline-block}<\/style>\t\t\t\t<p>Die Ekon ImmoGroup verwendet in ihrem Produktionsprozess die hochwertigsten Materialien und Technologien.<\/p>\t\t\t\t\t\t<\/div>\n\t\t\t\t<\/div>\n\t\t            <\/div>\n        <\/div>\n                            <\/div>\n        <\/section>\n                <section class=\"elementor-section elementor-top-section elementor-element elementor-element-5d86434 elementor-section-boxed elementor-section-height-default elementor-section-height-default elementor-invisible\" data-id=\"5d86434\" data-element_type=\"section\" data-settings=\"{&quot;animation&quot;:&quot;fadeInUp&quot;}\">\n            \n                        <div class=\"elementor-container elementor-column-gap-default\">\n                    <div class=\"elementor-column elementor-col-33 elementor-top-column elementor-element elementor-element-906a16d\" data-id=\"906a16d\" data-element_type=\"column\">\n            <div class=\"elementor-widget-wrap elementor-element-populated\">\n                        \t\t<div class=\"elementor-element elementor-element-4852b33 elementor-widget elementor-widget-image\" data-id=\"4852b33\" data-element_type=\"widget\" data-widget_type=\"image.default\">\n\t\t\t\t<div class=\"elementor-widget-container\">\n\t\t\t<style>\/*! elementor - v3.17.0 - 01-11-2023 *\/\n.elementor-widget-image{text-align:center}.elementor-widget-image a{display:inline-block}.elementor-widget-image a img[src$=\".svg\"]{width:48px}.elementor-widget-image img{vertical-align:middle;display:inline-block}<\/style>\t\t\t\t\t\t\t\t\t<figure class=\"wp-caption\">\n\t\t\t\t\t\t\t\t\t\t\t<a href=\"https:\/\/ekon-immogroup.com\/de\/bsh-panel\/\">\n\t\t\t\t\t\t\t<img decoding=\"async\" src=\"https:\/\/ekon-immogroup.com\/wp-content\/uploads\/elementor\/thumbs\/BSH-PANEL-pfk4svzj3zaju9x4sx4wo451qa3iwj4i1xtdmrvz9o.png\" title=\"Ekon Immogroup BSH Panel\" alt=\"Ekon ImmoGroup BSH Panel\" class=\"elementor-animation-grow\" loading=\"lazy\" \/>\t\t\t\t\t\t\t\t<\/a>\n\t\t\t\t\t\t\t\t\t\t\t<figcaption class=\"widget-image-caption wp-caption-text\">BSH PANEL<\/figcaption>\n\t\t\t\t\t\t\t\t\t\t<\/figure>\n\t\t\t\t\t\t\t\t\t<\/div>\n\t\t\t\t<\/div>\n\t\t            <\/div>\n        <\/div>\n                <div class=\"elementor-column elementor-col-33 elementor-top-column elementor-element elementor-element-1efe39a\" data-id=\"1efe39a\" data-element_type=\"column\">\n            <div class=\"elementor-widget-wrap elementor-element-populated\">\n                        \t\t<div class=\"elementor-element elementor-element-172fae1 elementor-widget elementor-widget-image\" data-id=\"172fae1\" data-element_type=\"widget\" data-widget_type=\"image.default\">\n\t\t\t\t<div class=\"elementor-widget-container\">\n\t\t\t\t\t\t\t\t\t\t\t\t<figure class=\"wp-caption\">\n\t\t\t\t\t\t\t\t\t\t\t<a href=\"https:\/\/ekon-immogroup.com\/de\/vanjski-zid\/\">\n\t\t\t\t\t\t\t<img decoding=\"async\" src=\"https:\/\/ekon-immogroup.com\/wp-content\/uploads\/elementor\/thumbs\/VANJSKI-ZID-pfk4uhboovh1ihlui3x5e7o5ys8wy2g4ltlzwniyq4.png\" title=\"Ekon Immogroup Vanjski zid\" alt=\"Ekon ImmoGroup Vanjski zid\" class=\"elementor-animation-grow\" loading=\"lazy\" \/>\t\t\t\t\t\t\t\t<\/a>\n\t\t\t\t\t\t\t\t\t\t\t<figcaption class=\"widget-image-caption wp-caption-text\">AUSSENWAND<\/figcaption>\n\t\t\t\t\t\t\t\t\t\t<\/figure>\n\t\t\t\t\t\t\t\t\t<\/div>\n\t\t\t\t<\/div>\n\t\t            <\/div>\n        <\/div>\n                <div class=\"elementor-column elementor-col-33 elementor-top-column elementor-element elementor-element-cff92e8\" data-id=\"cff92e8\" data-element_type=\"column\">\n            <div class=\"elementor-widget-wrap elementor-element-populated\">\n                        \t\t<div class=\"elementor-element elementor-element-ecbb7e7 elementor-widget elementor-widget-image\" data-id=\"ecbb7e7\" data-element_type=\"widget\" data-widget_type=\"image.default\">\n\t\t\t\t<div class=\"elementor-widget-container\">\n\t\t\t\t\t\t\t\t\t\t\t\t<figure class=\"wp-caption\">\n\t\t\t\t\t\t\t\t\t\t\t<a href=\"https:\/\/ekon-immogroup.com\/de\/kosi-krov\/\">\n\t\t\t\t\t\t\t<img decoding=\"async\" src=\"https:\/\/ekon-immogroup.com\/wp-content\/uploads\/elementor\/thumbs\/KOSI-KROV-pfk4w8averv94d2dad55j9s1rlmi9se56hbj26xl58.png\" title=\"Ekon Immogroup kosi krov\" alt=\"Ekon ImmoGroup kosi krov\" class=\"elementor-animation-grow\" loading=\"lazy\" \/>\t\t\t\t\t\t\t\t<\/a>\n\t\t\t\t\t\t\t\t\t\t\t<figcaption class=\"widget-image-caption wp-caption-text\">Schr\u00e4gdach<\/figcaption>\n\t\t\t\t\t\t\t\t\t\t<\/figure>\n\t\t\t\t\t\t\t\t\t<\/div>\n\t\t\t\t<\/div>\n\t\t            <\/div>\n        <\/div>\n                            <\/div>\n        <\/section>\n                <section class=\"elementor-section elementor-top-section elementor-element elementor-element-4a694dc elementor-section-boxed elementor-section-height-default elementor-section-height-default elementor-invisible\" data-id=\"4a694dc\" data-element_type=\"section\" data-settings=\"{&quot;animation&quot;:&quot;fadeInUp&quot;}\">\n            \n                        <div class=\"elementor-container elementor-column-gap-default\">\n                    <div class=\"elementor-column elementor-col-33 elementor-top-column elementor-element elementor-element-760a99b\" data-id=\"760a99b\" data-element_type=\"column\">\n            <div class=\"elementor-widget-wrap elementor-element-populated\">\n                        \t\t<div class=\"elementor-element elementor-element-e2dc4f1 elementor-widget elementor-widget-image\" data-id=\"e2dc4f1\" data-element_type=\"widget\" data-widget_type=\"image.default\">\n\t\t\t\t<div class=\"elementor-widget-container\">\n\t\t\t\t\t\t\t\t\t\t\t\t<figure class=\"wp-caption\">\n\t\t\t\t\t\t\t\t\t\t\t<a href=\"https:\/\/ekon-immogroup.com\/de\/ravni-krov-sa-tehnickim-padom\/\">\n\t\t\t\t\t\t\t<img decoding=\"async\" src=\"https:\/\/ekon-immogroup.com\/wp-content\/uploads\/elementor\/thumbs\/RAVNI-KROV-SA-TEHNICKIM-PADOM-pfk4y7qlu6l1mq6lp80ssrr2wvueis9qsawfj7zo0c.png\" title=\"Ekon Immogroup ravni krov sa tehni\u010dkim padom\" alt=\"Ekon Immogroup ravni krov sa tehni\u010dkim padom\" class=\"elementor-animation-grow\" loading=\"lazy\" \/>\t\t\t\t\t\t\t\t<\/a>\n\t\t\t\t\t\t\t\t\t\t\t<figcaption class=\"widget-image-caption wp-caption-text\">FLACHDACH<\/figcaption>\n\t\t\t\t\t\t\t\t\t\t<\/figure>\n\t\t\t\t\t\t\t\t\t<\/div>\n\t\t\t\t<\/div>\n\t\t            <\/div>\n        <\/div>\n                <div class=\"elementor-column elementor-col-33 elementor-top-column elementor-element elementor-element-231bd43\" data-id=\"231bd43\" data-element_type=\"column\">\n            <div class=\"elementor-widget-wrap elementor-element-populated\">\n                        \t\t<div class=\"elementor-element elementor-element-fad05ed elementor-widget elementor-widget-image\" data-id=\"fad05ed\" data-element_type=\"widget\" data-widget_type=\"image.default\">\n\t\t\t\t<div class=\"elementor-widget-container\">\n\t\t\t\t\t\t\t\t\t\t\t\t<figure class=\"wp-caption\">\n\t\t\t\t\t\t\t\t\t\t\t<a href=\"https:\/\/ekon-immogroup.com\/de\/pregradni-zid\/\">\n\t\t\t\t\t\t\t<img decoding=\"async\" src=\"https:\/\/ekon-immogroup.com\/wp-content\/uploads\/elementor\/thumbs\/PREGRADNI-ZID-pfk5076c9lau53au42wg29q4262ars5ce4hc091qvg.png\" title=\"Ekon Immogroup pregradni zid\" alt=\"Ekon Immogroup pregradni zid\" class=\"elementor-animation-grow\" loading=\"lazy\" \/>\t\t\t\t\t\t\t\t<\/a>\n\t\t\t\t\t\t\t\t\t\t\t<figcaption class=\"widget-image-caption wp-caption-text\">TRENNWAND<\/figcaption>\n\t\t\t\t\t\t\t\t\t\t<\/figure>\n\t\t\t\t\t\t\t\t\t<\/div>\n\t\t\t\t<\/div>\n\t\t            <\/div>\n        <\/div>\n                <div class=\"elementor-column elementor-col-33 elementor-top-column elementor-element elementor-element-4a2ba23\" data-id=\"4a2ba23\" data-element_type=\"column\">\n            <div class=\"elementor-widget-wrap elementor-element-populated\">\n                        \t\t<div class=\"elementor-element elementor-element-c0d4696 elementor-widget elementor-widget-image\" data-id=\"c0d4696\" data-element_type=\"widget\" data-widget_type=\"image.default\">\n\t\t\t\t<div class=\"elementor-widget-container\">\n\t\t\t\t\t\t\t\t\t\t\t\t<figure class=\"wp-caption\">\n\t\t\t\t\t\t\t\t\t\t\t<a href=\"https:\/\/ekon-immogroup.com\/de\/unutrasnji-zid\/\">\n\t\t\t\t\t\t\t<img decoding=\"async\" src=\"https:\/\/ekon-immogroup.com\/wp-content\/uploads\/elementor\/thumbs\/UNUTRASNJI-ZID-pfk51poz9zdguh3n9qgt2vyuiill685rxmbhuaswuk.png\" title=\"Ekon Immogroup unutra\u0161nji zid\" alt=\"Ekon Immogroup unutra\u0161nji zid\" class=\"elementor-animation-grow\" loading=\"lazy\" \/>\t\t\t\t\t\t\t\t<\/a>\n\t\t\t\t\t\t\t\t\t\t\t<figcaption class=\"widget-image-caption wp-caption-text\">INNENWAND<\/figcaption>\n\t\t\t\t\t\t\t\t\t\t<\/figure>\n\t\t\t\t\t\t\t\t\t<\/div>\n\t\t\t\t<\/div>\n\t\t            <\/div>\n        <\/div>\n                            <\/div>\n        <\/section>\n                <section class=\"elementor-section elementor-top-section elementor-element elementor-element-b226f8f elementor-section-boxed elementor-section-height-default elementor-section-height-default elementor-invisible\" data-id=\"b226f8f\" data-element_type=\"section\" data-settings=\"{&quot;animation&quot;:&quot;fadeInUp&quot;}\">\n            \n                        <div class=\"elementor-container elementor-column-gap-default\">\n                    <div class=\"elementor-column elementor-col-33 elementor-top-column elementor-element elementor-element-16ab895\" data-id=\"16ab895\" data-element_type=\"column\">\n            <div class=\"elementor-widget-wrap elementor-element-populated\">\n                        \t\t<div class=\"elementor-element elementor-element-1ca5af4 elementor-widget elementor-widget-image\" data-id=\"1ca5af4\" data-element_type=\"widget\" data-widget_type=\"image.default\">\n\t\t\t\t<div class=\"elementor-widget-container\">\n\t\t\t\t\t\t\t\t\t\t\t\t<figure class=\"wp-caption\">\n\t\t\t\t\t\t\t\t\t\t\t<a href=\"https:\/\/ekon-immogroup.com\/de\/medjuspratni-panel-sa-spustenim-stropom\/\">\n\t\t\t\t\t\t\t<img decoding=\"async\" src=\"https:\/\/ekon-immogroup.com\/wp-content\/uploads\/elementor\/thumbs\/MEDUSPRATNI-PANEL-SA-SPUSTENIM-STROPOM-pfk58x4fo98luumt6ulu72i2gv2w6oroxadiao4958.png\" title=\"BODENPANEEL MIT ABGESETZTER DECKE\" alt=\"Ekon Immogroup me\u0111uspratni panel sa spu\u0161tenim stropom\" class=\"elementor-animation-grow\" loading=\"lazy\" \/>\t\t\t\t\t\t\t\t<\/a>\n\t\t\t\t\t\t\t\t\t\t\t<figcaption class=\"widget-image-caption wp-caption-text\">BODENPANEEL MIT ABGESETZTER DECKE<\/figcaption>\n\t\t\t\t\t\t\t\t\t\t<\/figure>\n\t\t\t\t\t\t\t\t\t<\/div>\n\t\t\t\t<\/div>\n\t\t            <\/div>\n        <\/div>\n                <div class=\"elementor-column elementor-col-33 elementor-top-column elementor-element elementor-element-95d9786\" data-id=\"95d9786\" data-element_type=\"column\">\n            <div class=\"elementor-widget-wrap elementor-element-populated\">\n                        \t\t<div class=\"elementor-element elementor-element-739ccfb elementor-widget elementor-widget-image\" data-id=\"739ccfb\" data-element_type=\"widget\" data-widget_type=\"image.default\">\n\t\t\t\t<div class=\"elementor-widget-container\">\n\t\t\t\t\t\t\t\t\t\t\t\t<figure class=\"wp-caption\">\n\t\t\t\t\t\t\t\t\t\t\t<a href=\"https:\/\/ekon-immogroup.com\/de\/vatrootporni-zid\/\">\n\t\t\t\t\t\t\t<img decoding=\"async\" src=\"https:\/\/ekon-immogroup.com\/wp-content\/uploads\/elementor\/thumbs\/VATROOTPORNI-ZID-pfk5bef3pimuht13pf7e9xyuwgurhxm6xkcmvyfuq4.png\" title=\"Ekon Immogroup vatrootporni zid\" alt=\"Ekon Immogroup vatrootporni zid\" class=\"elementor-animation-grow\" loading=\"lazy\" \/>\t\t\t\t\t\t\t\t<\/a>\n\t\t\t\t\t\t\t\t\t\t\t<figcaption class=\"widget-image-caption wp-caption-text\">FEUERBEST\u00c4NDIGE WAND<\/figcaption>\n\t\t\t\t\t\t\t\t\t\t<\/figure>\n\t\t\t\t\t\t\t\t\t<\/div>\n\t\t\t\t<\/div>\n\t\t            <\/div>\n        <\/div>\n                <div class=\"elementor-column elementor-col-33 elementor-top-column elementor-element elementor-element-2e4afb5\" data-id=\"2e4afb5\" data-element_type=\"column\">\n            <div class=\"elementor-widget-wrap elementor-element-populated\">\n                        \t\t<div class=\"elementor-element elementor-element-74362b4 elementor-widget elementor-widget-image\" data-id=\"74362b4\" data-element_type=\"widget\" data-widget_type=\"image.default\">\n\t\t\t\t<div class=\"elementor-widget-container\">\n\t\t\t\t\t\t\t\t\t\t\t\t<figure class=\"wp-caption\">\n\t\t\t\t\t\t\t\t\t\t\t<a href=\"https:\/\/ekon-immogroup.com\/de\/clt-box\/\">\n\t\t\t\t\t\t\t<img decoding=\"async\" src=\"https:\/\/ekon-immogroup.com\/wp-content\/uploads\/elementor\/thumbs\/CLT-BOX-pfk5desobrdxbs3yysho3xpcn4y0ymlivil0u9gjf0.png\" title=\"Ekon Immogroup CLT box\" alt=\"Ekon Immogroup CLT box\" class=\"elementor-animation-grow\" loading=\"lazy\" \/>\t\t\t\t\t\t\t\t<\/a>\n\t\t\t\t\t\t\t\t\t\t\t<figcaption class=\"widget-image-caption wp-caption-text\">CLT BOX<\/figcaption>\n\t\t\t\t\t\t\t\t\t\t<\/figure>\n\t\t\t\t\t\t\t\t\t<\/div>\n\t\t\t\t<\/div>\n\t\t            <\/div>\n        <\/div>\n                            <\/div>\n        <\/section>\n                <section class=\"elementor-section elementor-top-section elementor-element elementor-element-a9102bb elementor-section-boxed elementor-section-height-default elementor-section-height-default\" data-id=\"a9102bb\" data-element_type=\"section\">\n            \n                        <div class=\"elementor-container elementor-column-gap-default\">\n                    <div class=\"elementor-column elementor-col-100 elementor-top-column elementor-element elementor-element-1fc5ebd\" data-id=\"1fc5ebd\" data-element_type=\"column\">\n            <div class=\"elementor-widget-wrap elementor-element-populated\">\n                        \t\t<div class=\"elementor-element elementor-element-5b7ddde elementor-widget elementor-widget-ct_clients_list\" data-id=\"5b7ddde\" data-element_type=\"widget\" data-widget_type=\"ct_clients_list.default\">\n\t\t\t\t<div class=\"elementor-widget-container\">\n\t\t\t    <div class=\"ct-client1 ct-slick-slider style2\">\r\n        <div class=\"ct-clients-list-inner\">\r\n            <div class=\"ct-slick-carousel\" data-arrows=\"\" data-dots=\"true\" data-pauseonhover=\"\" data-autoplay=\"\" data-autoplayspeed=\"\" data-infinite=\"\" data-speed=\"500\" data-colxs=\"1\" data-colsm=\"2\" data-colmd=\"3\" data-collg=\"3\" data-colxl=\"3\" data-dir=\"false\" data-slidestoscroll=\"1\">\r\n                                        <div class=\"slick-slide\">\r\n                            <div class=\"client-image\">\r\n                                <a >\r\n                                    <img decoding=\"async\" width=\"288\" height=\"65\" src=\"https:\/\/ekon-immogroup.com\/wp-content\/uploads\/2021\/11\/knauf-logo.png\" class=\"ct-thumb-1 attachment-full\" alt=\"Ekon Immogroup partneri Knauf\" \/>                                                                    <\/a>\r\n                            <\/div>\r\n                        <\/div>\r\n                                                            <div class=\"slick-slide\">\r\n                            <div class=\"client-image\">\r\n                                <a >\r\n                                    <img decoding=\"async\" width=\"288\" height=\"65\" src=\"https:\/\/ekon-immogroup.com\/wp-content\/uploads\/2021\/11\/hilti-logo.png\" class=\"ct-thumb-1 attachment-full\" alt=\"Ekon Immogroup partneri Hilti\" \/>                                                                    <\/a>\r\n                            <\/div>\r\n                        <\/div>\r\n                                                            <div class=\"slick-slide\">\r\n                            <div class=\"client-image\">\r\n                                <a >\r\n                                    <img decoding=\"async\" width=\"288\" height=\"65\" src=\"https:\/\/ekon-immogroup.com\/wp-content\/uploads\/2021\/11\/gutex-logo.png\" class=\"ct-thumb-1 attachment-full\" alt=\"Ekon Immogroup partneri Gutex\" \/>                                                                    <\/a>\r\n                            <\/div>\r\n                        <\/div>\r\n                                                            <div class=\"slick-slide\">\r\n                            <div class=\"client-image\">\r\n                                <a >\r\n                                    <img decoding=\"async\" width=\"288\" height=\"65\" src=\"https:\/\/ekon-immogroup.com\/wp-content\/uploads\/2021\/11\/hundegger-logo.png\" class=\"ct-thumb-1 attachment-full\" alt=\"\" \/>                                                                    <\/a>\r\n                            <\/div>\r\n                        <\/div>\r\n                                                            <div class=\"slick-slide\">\r\n                            <div class=\"client-image\">\r\n                                <a >\r\n                                    <img decoding=\"async\" width=\"288\" height=\"65\" src=\"https:\/\/ekon-immogroup.com\/wp-content\/uploads\/2021\/11\/rothoblaas-logo.png\" class=\"ct-thumb-1 attachment-full\" alt=\"Ekon Immogroup partneri Rothoblass\" \/>                                                                    <\/a>\r\n                            <\/div>\r\n                        <\/div>\r\n                                                            <div class=\"slick-slide\">\r\n                            <div class=\"client-image\">\r\n                                <a >\r\n                                    <img decoding=\"async\" width=\"288\" height=\"65\" src=\"https:\/\/ekon-immogroup.com\/wp-content\/uploads\/2021\/11\/siga-logo.png\" class=\"ct-thumb-1 attachment-full\" alt=\"Ekon Immogroup partneri Siga\" \/>                                                                    <\/a>\r\n                            <\/div>\r\n                        <\/div>\r\n                                                            <div class=\"slick-slide\">\r\n                            <div class=\"client-image\">\r\n                                <a >\r\n                                    <img decoding=\"async\" width=\"288\" height=\"65\" src=\"https:\/\/ekon-immogroup.com\/wp-content\/uploads\/2021\/11\/bea-logo.png\" class=\"ct-thumb-1 attachment-full\" alt=\"Ekon Immogroup partneri Bea\" \/>                                                                    <\/a>\r\n                            <\/div>\r\n                        <\/div>\r\n                                                            <div class=\"slick-slide\">\r\n                            <div class=\"client-image\">\r\n                                <a >\r\n                                    <img decoding=\"async\" width=\"288\" height=\"65\" src=\"https:\/\/ekon-immogroup.com\/wp-content\/uploads\/2021\/11\/sto-logo.png\" class=\"ct-thumb-1 attachment-full\" alt=\"Ekon Immogroup partneri Sto\" \/>                                                                    <\/a>\r\n                            <\/div>\r\n                        <\/div>\r\n                                                            <div class=\"slick-slide\">\r\n                            <div class=\"client-image\">\r\n                                <a >\r\n                                    <img decoding=\"async\" width=\"900\" height=\"500\" src=\"https:\/\/ekon-immogroup.com\/wp-content\/uploads\/2021\/11\/best-wood-SCHNEIDER.png\" class=\"ct-thumb-1 attachment-full\" alt=\"Best Wood Schneider logo\" \/>                                                                    <\/a>\r\n                            <\/div>\r\n                        <\/div>\r\n                                                            <div class=\"slick-slide\">\r\n                            <div class=\"client-image\">\r\n                                <a >\r\n                                    <img decoding=\"async\" width=\"1200\" height=\"275\" src=\"https:\/\/ekon-immogroup.com\/wp-content\/uploads\/2021\/11\/Egger.png\" class=\"ct-thumb-1 attachment-full\" alt=\"Egger logo\" \/>                                                                    <\/a>\r\n                            <\/div>\r\n                        <\/div>\r\n                                                            <div class=\"slick-slide\">\r\n                            <div class=\"client-image\">\r\n                                <a >\r\n                                    <img decoding=\"async\" width=\"580\" height=\"300\" src=\"https:\/\/ekon-immogroup.com\/wp-content\/uploads\/2021\/11\/Hasslacher.png\" class=\"ct-thumb-1 attachment-full\" alt=\"Hasslacher logo\" \/>                                                                    <\/a>\r\n                            <\/div>\r\n                        <\/div>\r\n                                                            <div class=\"slick-slide\">\r\n                            <div class=\"client-image\">\r\n                                <a >\r\n                                    <img decoding=\"async\" width=\"900\" height=\"900\" src=\"https:\/\/ekon-immogroup.com\/wp-content\/uploads\/2021\/11\/HOMAG-Weinmann.jpg\" class=\"ct-thumb-1 attachment-full\" alt=\"Homag Weinmann\" \/>                                                                    <\/a>\r\n                            <\/div>\r\n                        <\/div>\r\n                                                <\/div>\r\n        <\/div>\r\n    <\/div>\r\n\t\t<\/div>\n\t\t\t\t<\/div>\n\t\t            <\/div>\n        <\/div>\n                            <\/div>\n        <\/section>\n        \t\t\t\t\t<\/div>","protected":false},"excerpt":{"rendered":"<p>Neke od tehni\u010dkih specifikacija koje su standard pri gradnji na\u0161ih objekata Ekon ImmoGroup u svom proizvodnom procesu koristi najkvalitetnije materijale i tehnologije. BSH PANEL VANJSKI ZID KOSI KROV RAVNI KROV PREGRADNI ZID UNUTRA\u0160NJI ZID ME\u0110USPRATNI PANEL SA SPU\u0160TENIM STROPOM VATROOTPORNI ZID CLT BOX<\/p>","protected":false},"author":1,"featured_media":0,"parent":0,"menu_order":0,"comment_status":"closed","ping_status":"closed","template":"","meta":{"footnotes":""},"class_list":["post-415","page","type-page","status-publish","hentry"],"_links":{"self":[{"href":"https:\/\/ekon-immogroup.com\/de\/wp-json\/wp\/v2\/pages\/415","targetHints":{"allow":["GET"]}}],"collection":[{"href":"https:\/\/ekon-immogroup.com\/de\/wp-json\/wp\/v2\/pages"}],"about":[{"href":"https:\/\/ekon-immogroup.com\/de\/wp-json\/wp\/v2\/types\/page"}],"author":[{"embeddable":true,"href":"https:\/\/ekon-immogroup.com\/de\/wp-json\/wp\/v2\/users\/1"}],"replies":[{"embeddable":true,"href":"https:\/\/ekon-immogroup.com\/de\/wp-json\/wp\/v2\/comments?post=415"}],"version-history":[{"count":130,"href":"https:\/\/ekon-immogroup.com\/de\/wp-json\/wp\/v2\/pages\/415\/revisions"}],"predecessor-version":[{"id":7531,"href":"https:\/\/ekon-immogroup.com\/de\/wp-json\/wp\/v2\/pages\/415\/revisions\/7531"}],"wp:attachment":[{"href":"https:\/\/ekon-immogroup.com\/de\/wp-json\/wp\/v2\/media?parent=415"}],"curies":[{"name":"wp","href":"https:\/\/api.w.org\/{rel}","templated":true}]}}