{"id":3514,"date":"2020-02-07T02:19:55","date_gmt":"2020-02-07T02:19:55","guid":{"rendered":"https:\/\/demo.casethemes.net\/consultio-immigration\/?page_id=3514"},"modified":"2021-12-30T09:09:43","modified_gmt":"2021-12-30T08:09:43","slug":"kontakt","status":"publish","type":"page","link":"https:\/\/ekon-immogroup.com\/de\/kontakt\/","title":{"rendered":"KONTAKT"},"content":{"rendered":"<div data-elementor-type=\"wp-page\" data-elementor-id=\"3514\" class=\"elementor elementor-3514\">\n\t\t\t\t\t\t\t        <section class=\"elementor-section elementor-top-section elementor-element elementor-element-3fa8a68e elementor-section-full_width elementor-section-stretched elementor-section-height-default elementor-section-height-default\" data-id=\"3fa8a68e\" data-element_type=\"section\" data-settings=\"{&quot;background_background&quot;:&quot;classic&quot;,&quot;stretch_section&quot;:&quot;section-stretched&quot;}\">\n            \n                        <div class=\"elementor-container elementor-column-gap-extended\">\n                    <div class=\"elementor-column elementor-col-100 elementor-top-column elementor-element elementor-element-30b724c6\" data-id=\"30b724c6\" data-element_type=\"column\">\n            <div class=\"elementor-widget-wrap elementor-element-populated\">\n                                <section class=\"elementor-section elementor-inner-section elementor-element elementor-element-3676a67f elementor-section-boxed elementor-section-height-default elementor-section-height-default\" data-id=\"3676a67f\" data-element_type=\"section\" data-settings=\"{&quot;background_background&quot;:&quot;classic&quot;}\">\n            \n                        <div class=\"elementor-container elementor-column-gap-extended\">\n                    <div class=\"elementor-column elementor-col-33 elementor-inner-column elementor-element elementor-element-261c6d91\" data-id=\"261c6d91\" data-element_type=\"column\">\n            <div class=\"elementor-widget-wrap\">\n                                    <\/div>\n        <\/div>\n                <div class=\"elementor-column elementor-col-33 elementor-inner-column elementor-element elementor-element-5b9a675b\" data-id=\"5b9a675b\" data-element_type=\"column\">\n            <div class=\"elementor-widget-wrap\">\n                                    <\/div>\n        <\/div>\n                <div class=\"elementor-column elementor-col-33 elementor-inner-column elementor-element elementor-element-76fb25e\" data-id=\"76fb25e\" data-element_type=\"column\">\n            <div class=\"elementor-widget-wrap\">\n                                    <\/div>\n        <\/div>\n                            <\/div>\n        <\/section>\n        \t\t<div class=\"elementor-element elementor-element-2253a3e elementor-widget elementor-widget-spacer\" data-id=\"2253a3e\" data-element_type=\"widget\" data-widget_type=\"spacer.default\">\n\t\t\t\t<div class=\"elementor-widget-container\">\n\t\t\t<style>\/*! elementor - v3.17.0 - 01-11-2023 *\/\n.elementor-column .elementor-spacer-inner{height:var(--spacer-size)}.e-con{--container-widget-width:100%}.e-con-inner>.elementor-widget-spacer,.e-con>.elementor-widget-spacer{width:var(--container-widget-width,var(--spacer-size));--align-self:var(--container-widget-align-self,initial);--flex-shrink:0}.e-con-inner>.elementor-widget-spacer>.elementor-widget-container,.e-con>.elementor-widget-spacer>.elementor-widget-container{height:100%;width:100%}.e-con-inner>.elementor-widget-spacer>.elementor-widget-container>.elementor-spacer,.e-con>.elementor-widget-spacer>.elementor-widget-container>.elementor-spacer{height:100%}.e-con-inner>.elementor-widget-spacer>.elementor-widget-container>.elementor-spacer>.elementor-spacer-inner,.e-con>.elementor-widget-spacer>.elementor-widget-container>.elementor-spacer>.elementor-spacer-inner{height:var(--container-widget-height,var(--spacer-size))}.e-con-inner>.elementor-widget-spacer.elementor-widget-empty,.e-con>.elementor-widget-spacer.elementor-widget-empty{position:relative;min-height:22px;min-width:22px}.e-con-inner>.elementor-widget-spacer.elementor-widget-empty .elementor-widget-empty-icon,.e-con>.elementor-widget-spacer.elementor-widget-empty .elementor-widget-empty-icon{position:absolute;top:0;bottom:0;left:0;right:0;margin:auto;padding:0;width:22px;height:22px}<\/style>\t\t<div class=\"elementor-spacer\">\n\t\t\t<div class=\"elementor-spacer-inner\"><\/div>\n\t\t<\/div>\n\t\t\t\t<\/div>\n\t\t\t\t<\/div>\n\t\t\t\t<div class=\"elementor-element elementor-element-2d8f5c5 elementor-absolute elementor-view-default elementor-widget elementor-widget-icon\" data-id=\"2d8f5c5\" data-element_type=\"widget\" data-settings=\"{&quot;_position&quot;:&quot;absolute&quot;}\" data-widget_type=\"icon.default\">\n\t\t\t\t<div class=\"elementor-widget-container\">\n\t\t\t\t\t<div class=\"elementor-icon-wrapper\">\n\t\t\t<div class=\"elementor-icon\">\n\t\t\t\t\t\t<\/div>\n\t\t<\/div>\n\t\t\t\t<\/div>\n\t\t\t\t<\/div>\n\t\t\t\t<div class=\"elementor-element elementor-element-14f3b6cd elementor-widget elementor-widget-ct_point\" data-id=\"14f3b6cd\" data-element_type=\"widget\" data-widget_type=\"ct_point.default\">\n\t\t\t\t<div class=\"elementor-widget-container\">\n\t\t\t\t<div class=\"ct-point\">\r\n\t\t\t        <div class=\"ct-point-image\">\r\n\t        \t<img decoding=\"async\" width=\"460\" height=\"437\" src=\"https:\/\/ekon-immogroup.com\/wp-content\/uploads\/2021\/12\/europe-map-e1640936147264.png\" class=\"attachment-full\" alt=\"\" \/>\t        \t\t\t\t\t    <div id=\"ct_point-14f3b6cd0\" class=\"ct-point-item\">\r\n\t\t\t\t    \t<div class=\"ct-inline-css\"  data-css=\"\t\t\t\t            .ct-point #ct_point-14f3b6cd0 {\t\t\t\t                left: 37%;\t\t\t\t                top: 61%;\t\t\t\t            }\">\r\n\t\t\t\t        <\/div>\r\n\t\t\t\t    \t<div class=\"ct-point-icon\">\r\n\t\t\t\t    \t\t<img decoding=\"async\" width=\"32\" height=\"32\" src=\"https:\/\/ekon-immogroup.com\/wp-content\/uploads\/2021\/10\/switzerland-flag-round-icon-32.png\" class=\"attachment-full\" alt=\"\" \/>\t\t\t\t    \t<\/div>\t\t\r\n\t\t\t\t    \t<div class=\"ct-point-meta\">\r\n\t\t\t\t    \t\t\t\t\t\t    \t\t\t<div class=\"ct-point-phone\"><b>Telefon:<\/b> (+41) 79 944 86 59<\/div>\r\n\t\t\t\t    \t\t\t\t\t\t    \t\t\t\t\t\t    \t\t\t<div class=\"ct-point-email\"><b>Email:<\/b> info@ekon-immogroup.ch<\/div>\r\n\t\t\t\t    \t\t\t\t\t\t    \t\t\t\t\t\t    \t\t\t<div class=\"ct-point-address\"><a href=\"https:\/\/goo.gl\/maps\/CJbUCUbKd1TgnjUz7\" target=\"_blank\" ><b>Die Anschrift:<\/b> Lange Gasse 4, CH-4052, Basel, Schweiz <\/a><\/div>\r\n\t\t\t\t    \t\t\t\t\t\t    \t<\/div>\r\n\t\t\t\t    <\/div>\r\n\t\t\t\t\t\t\t\t    <div id=\"ct_point-14f3b6cd1\" class=\"ct-point-item\">\r\n\t\t\t\t    \t<div class=\"ct-inline-css\"  data-css=\"\t\t\t\t            .ct-point #ct_point-14f3b6cd1 {\t\t\t\t                left: 59%;\t\t\t\t                top: 71%;\t\t\t\t            }\">\r\n\t\t\t\t        <\/div>\r\n\t\t\t\t    \t<div class=\"ct-point-icon\">\r\n\t\t\t\t    \t\t<img decoding=\"async\" width=\"32\" height=\"32\" src=\"https:\/\/ekon-immogroup.com\/wp-content\/uploads\/2021\/10\/bosnia-and-herzegovina-flag-round-icon-32.png\" class=\"attachment-full\" alt=\"\" \/>\t\t\t\t    \t<\/div>\t\t\r\n\t\t\t\t    \t<div class=\"ct-point-meta\">\r\n\t\t\t\t    \t\t\t\t\t\t    \t\t\t<div class=\"ct-point-phone\"><b>Telefon:<\/b> (+387) 61 723 119<\/div>\r\n\t\t\t\t    \t\t\t\t\t\t    \t\t\t\t\t\t    \t\t\t<div class=\"ct-point-email\"><b>Email:<\/b> info@ekon-immogroup.ba<\/div>\r\n\t\t\t\t    \t\t\t\t\t\t    \t\t\t\t\t\t    \t\t\t<div class=\"ct-point-address\"><a href=\" https:\/\/goo.gl\/maps\/AxVjwZMfyHXLWieJA \" target=\"_blank\"><b>Die Anschrift:<\/b> Mar\u0161ala Tita 288, 88 000 Mostar, Bosna i Hercegovina<\/a><\/div>\r\n\t\t\t\t    \t\t\t\t\t\t    \t<\/div>\r\n\t\t\t\t    <\/div>\r\n\t\t\t\t\t        <\/div>\r\n\t    \t<\/div>\r\n\t\t<\/div>\n\t\t\t\t<\/div>\n\t\t            <\/div>\n        <\/div>\n                            <\/div>\n        <\/section>\n                <section class=\"elementor-section elementor-top-section elementor-element elementor-element-281db279 elementor-section-stretched elementor-section-boxed elementor-section-height-default elementor-section-height-default\" data-id=\"281db279\" data-element_type=\"section\" id=\"section-contact\" data-settings=\"{&quot;stretch_section&quot;:&quot;section-stretched&quot;}\">\n            \n                        <div class=\"elementor-container elementor-column-gap-extended\">\n                    <div class=\"elementor-column elementor-col-100 elementor-top-column elementor-element elementor-element-270a04a9\" data-id=\"270a04a9\" data-element_type=\"column\">\n            <div class=\"elementor-widget-wrap elementor-element-populated\">\n                                <section class=\"elementor-section elementor-inner-section elementor-element elementor-element-8f43137 elementor-section-boxed elementor-section-height-default elementor-section-height-default\" data-id=\"8f43137\" data-element_type=\"section\">\n            \n                        <div class=\"elementor-container elementor-column-gap-extended\">\n                    <div class=\"elementor-column elementor-col-50 elementor-inner-column elementor-element elementor-element-5bfb1861\" data-id=\"5bfb1861\" data-element_type=\"column\">\n            <div class=\"elementor-widget-wrap elementor-element-populated\">\n                        \t\t<div class=\"elementor-element elementor-element-302f3a9f elementor-widget elementor-widget-ct_heading\" data-id=\"302f3a9f\" data-element_type=\"widget\" data-widget_type=\"ct_heading.default\">\n\t\t\t\t<div class=\"elementor-widget-container\">\n\t\t\t<div class=\"ct-heading h-align-  sub-style4 ct-heading-left item-st-default\">\r\n\t\t\t<div class=\"item--sub-title style4 show-line\">\r\n                        Sie haben eine Frage an uns                                <\/div>\r\n\t    <h3 class=\"item--title st-default\" data-wow-delay=\"ms\">\r\n                <span>\r\n            \r\n            Kontaktieren Sie uns \u00fcber dieses Formular oder unter unseren Kontakten.\r\n                    <\/span>\r\n            <\/h3>\r\n<\/div>\t\t<\/div>\n\t\t\t\t<\/div>\n\t\t            <\/div>\n        <\/div>\n                <div class=\"elementor-column elementor-col-50 elementor-inner-column elementor-element elementor-element-5cc1d3ad\" data-id=\"5cc1d3ad\" data-element_type=\"column\">\n            <div class=\"elementor-widget-wrap\">\n                                    <\/div>\n        <\/div>\n                            <\/div>\n        <\/section>\n                <section class=\"elementor-section elementor-inner-section elementor-element elementor-element-8639127 elementor-section-boxed elementor-section-height-default elementor-section-height-default\" data-id=\"8639127\" data-element_type=\"section\">\n            \n                        <div class=\"elementor-container elementor-column-gap-extended\">\n                    <div class=\"elementor-column elementor-col-50 elementor-inner-column elementor-element elementor-element-7fdb82b0\" data-id=\"7fdb82b0\" data-element_type=\"column\">\n            <div class=\"elementor-widget-wrap elementor-element-populated\">\n                        \t\t<div class=\"elementor-element elementor-element-4fda6069 elementor-widget elementor-widget-ct_ctf7\" data-id=\"4fda6069\" data-element_type=\"widget\" data-widget_type=\"ct_ctf7.default\">\n\t\t\t\t<div class=\"elementor-widget-container\">\n\t\t\t    <div class=\"ct-contact-form-layout1 style12\">\r\n                <div class=\"ct-contact-form-inner\">\r\n        \t            <div class=\"ct-contact-form\">\r\n                \n<div class=\"wpcf7 no-js\" id=\"wpcf7-f5005-o1\" lang=\"en-US\" dir=\"ltr\">\n<div class=\"screen-reader-response\"><p role=\"status\" aria-live=\"polite\" aria-atomic=\"true\"><\/p> <ul><\/ul><\/div>\n<form action=\"\/de\/wp-json\/wp\/v2\/pages\/3514#wpcf7-f5005-o1\" method=\"post\" class=\"wpcf7-form init cf7mls-no-scroll cf7mls-no-moving-animation\" aria-label=\"Contact form\" novalidate=\"novalidate\" data-status=\"init\" data-trp-original-action=\"\/de\/wp-json\/wp\/v2\/pages\/3514#wpcf7-f5005-o1\">\n<div style=\"display: none;\">\n<input type=\"hidden\" name=\"_wpcf7\" value=\"5005\" \/>\n<input type=\"hidden\" name=\"_wpcf7_version\" value=\"5.8.2\" \/>\n<input type=\"hidden\" name=\"_wpcf7_locale\" value=\"en_US\" \/>\n<input type=\"hidden\" name=\"_wpcf7_unit_tag\" value=\"wpcf7-f5005-o1\" \/>\n<input type=\"hidden\" name=\"_wpcf7_container_post\" value=\"0\" \/>\n<input type=\"hidden\" name=\"_wpcf7_posted_data_hash\" value=\"\" \/>\n<input type=\"hidden\" name=\"_wpcf7_recaptcha_response\" value=\"\" \/>\n<\/div>\n<div class=\"row\">\n\t<div class=\"input-filled col-lg-6 col-md-6\">\n\t\t<p><span class=\"wpcf7-form-control-wrap\" data-name=\"your-name\"><input size=\"40\" class=\"wpcf7-form-control wpcf7-text wpcf7-validates-as-required\" aria-required=\"true\" aria-invalid=\"false\" placeholder=\"Dein Name*\" value=\"\" type=\"text\" name=\"your-name\" \/><\/span>\n\t\t<\/p>\n\t<\/div>\n\t<div class=\"input-filled col-lg-6 col-md-6\">\n\t\t<p><span class=\"wpcf7-form-control-wrap\" data-name=\"your-phone\"><input size=\"40\" class=\"wpcf7-form-control wpcf7-text wpcf7-validates-as-required\" aria-required=\"true\" aria-invalid=\"false\" placeholder=\"Telefonnummer...\" value=\"\" type=\"text\" name=\"your-phone\" \/><\/span>\n\t\t<\/p>\n\t<\/div>\n\t<div class=\"input-filled col-lg-6 col-md-6\">\n\t\t<p><span class=\"wpcf7-form-control-wrap\" data-name=\"your-email\"><input size=\"40\" class=\"wpcf7-form-control wpcf7-email wpcf7-validates-as-required wpcf7-text wpcf7-validates-as-email\" aria-required=\"true\" aria-invalid=\"false\" placeholder=\"Ihre E-Mail\" value=\"\" type=\"email\" name=\"your-email\" \/><\/span>\n\t\t<\/p>\n\t<\/div>\n<\/div>\n<div class=\"row\">\n\t<div class=\"input-filled col-12\">\n\t\t<p><span class=\"wpcf7-form-control-wrap\" data-name=\"your-service\"><select class=\"wpcf7-form-control wpcf7-select wpcf7-validates-as-required\" aria-required=\"true\" aria-invalid=\"false\" name=\"your-service\"><option value=\"Razlog javljanja*\">Grund der Meldung *<\/option><option value=\"Info\">Info<\/option><option value=\"Cijena\">Preis<\/option><option value=\"Usluge\">Dienstleistungen<\/option><option value=\"Lokacija\">Standort<\/option><\/select><\/span>\n\t\t<\/p>\n\t<\/div>\n<\/div>\n<div class=\"row\">\n\t<div class=\"input-filled col-12\">\n\t\t<p><span class=\"wpcf7-form-control-wrap\" data-name=\"your-message\"><textarea cols=\"40\" rows=\"10\" class=\"wpcf7-form-control wpcf7-textarea wpcf7-validates-as-required\" aria-required=\"true\" aria-invalid=\"false\" placeholder=\"Nachricht ...\" name=\"your-message\"><\/textarea><\/span>\n\t\t<\/p>\n\t<\/div>\n\t<div class=\"input-filled col-12\">\n\t\t<p><button type=\"submit\" class=\"wpcf7-submit btn\"><i class=\"fac fac-paper-plane space-right\"><\/i>Nachricht schicken<\/button>\n\t\t<\/p>\n\t<\/div>\n<\/div><p style=\"display: none !important;\"><label>&#916;<textarea name=\"_wpcf7_ak_hp_textarea\" cols=\"45\" rows=\"8\" maxlength=\"100\"><\/textarea><\/label><input type=\"hidden\" id=\"ak_js\" name=\"_wpcf7_ak_js\" value=\"122\"\/><script>document.getElementById( \"ak_js\" ).setAttribute( \"value\", ( new Date() ).getTime() );<\/script><\/p><div class=\"wpcf7-response-output\" aria-hidden=\"true\"><\/div>\n<input type=\"hidden\" name=\"trp-form-language\" value=\"de\"\/><\/form>\n<\/div>\n            <\/div>\r\n        <\/div>\r\n            <\/div>\r\n\t\t<\/div>\n\t\t\t\t<\/div>\n\t\t            <\/div>\n        <\/div>\n                <div class=\"elementor-column elementor-col-50 elementor-inner-column elementor-element elementor-element-9bae99f\" data-id=\"9bae99f\" data-element_type=\"column\">\n            <div class=\"elementor-widget-wrap elementor-element-populated\">\n                        \t\t<div class=\"elementor-element elementor-element-3a6bd0dd elementor-widget elementor-widget-ct_text_editor\" data-id=\"3a6bd0dd\" data-element_type=\"widget\" data-widget_type=\"ct_text_editor.default\">\n\t\t\t\t<div class=\"elementor-widget-container\">\n\t\t\t<div id=\"ct_text_editor-3a6bd0dd\" class=\"ct-text-editor\" data-wow-delay=\"ms\">\n\t<div class=\"ct-inline-css\"  data-css=\"        \t\t\">\n\n    <\/div>\n\t<div class=\"ct-text-editor elementor-clearfix\">\n\t\t<p>Wir hoffen, Sie haben bereits gen\u00fcgend Gr\u00fcnde, uns zu kontaktieren. Wir beantworten gerne alle Ihre Anfragen. Unsere Teams in der Schweiz und in Bosnien und Herzegowina warten auf Sie.\u00a0<\/p>\t\t\n\t<\/div>\n<\/div>\t\t<\/div>\n\t\t\t\t<\/div>\n\t\t            <\/div>\n        <\/div>\n                            <\/div>\n        <\/section>\n                    <\/div>\n        <\/div>\n                            <\/div>\n        <\/section>\n        \t\t\t\t\t<\/div>","protected":false},"excerpt":{"rendered":"<p>Phone: (+41) 79 944 86 59 Email: info@ekon-immogroup.ch Address: Lange Gasse 4, CH-4052, Basel, \u0160vicarska Phone: (+387) 61 723 119 Email: info@ekon-immogroup.ba Address: Mar\u0161ala Tita 288, 88 000 Mostar, Bosna i Hercegovina Imate pitanje za nas Kontaktirajte nas putem ove forme ili na na\u0161e kontakte. Razlog javljanja*InfoCijenaUslugeLokacija Po\u0161alji poruku &#916; Nadamo se da ve\u0107 sada [&hellip;]<\/p>","protected":false},"author":1,"featured_media":0,"parent":0,"menu_order":0,"comment_status":"closed","ping_status":"closed","template":"","meta":{"footnotes":""},"class_list":["post-3514","page","type-page","status-publish","hentry"],"_links":{"self":[{"href":"https:\/\/ekon-immogroup.com\/de\/wp-json\/wp\/v2\/pages\/3514","targetHints":{"allow":["GET"]}}],"collection":[{"href":"https:\/\/ekon-immogroup.com\/de\/wp-json\/wp\/v2\/pages"}],"about":[{"href":"https:\/\/ekon-immogroup.com\/de\/wp-json\/wp\/v2\/types\/page"}],"author":[{"embeddable":true,"href":"https:\/\/ekon-immogroup.com\/de\/wp-json\/wp\/v2\/users\/1"}],"replies":[{"embeddable":true,"href":"https:\/\/ekon-immogroup.com\/de\/wp-json\/wp\/v2\/comments?post=3514"}],"version-history":[{"count":69,"href":"https:\/\/ekon-immogroup.com\/de\/wp-json\/wp\/v2\/pages\/3514\/revisions"}],"predecessor-version":[{"id":7776,"href":"https:\/\/ekon-immogroup.com\/de\/wp-json\/wp\/v2\/pages\/3514\/revisions\/7776"}],"wp:attachment":[{"href":"https:\/\/ekon-immogroup.com\/de\/wp-json\/wp\/v2\/media?parent=3514"}],"curies":[{"name":"wp","href":"https:\/\/api.w.org\/{rel}","templated":true}]}}